{"id":2933,"date":"2018-12-20T17:26:00","date_gmt":"2018-12-20T17:26:00","guid":{"rendered":"http:\/\/seidler-europe.de\/?page_id=2933"},"modified":"2019-04-08T16:05:35","modified_gmt":"2019-04-08T23:05:35","slug":"services-and-rates","status":"publish","type":"page","link":"https:\/\/seidler-europe.de\/de\/services-and-rates\/","title":{"rendered":"Leistungen + Tarife"},"content":{"rendered":"<p>[vc_section full_width=&#8220;stretch_row&#8220; parallax=&#8220;content-moving&#8220; parallax_image=&#8220;2329&#8243;][vc_row][vc_column][vc_column_text]<\/p>\n<h1 class=\"section-title\" style=\"text-align: center; line-height: 1.5;\"><span style=\"color: #ffffff; background-color: rgba(0,0,0,0.7); display: inline; padding: 10px 20px;\">Leistungen + Tarife<\/span><\/h1>\n<h4 class=\"lead text-center mb-0\" style=\"text-align: center; line-height: 2;\"><span style=\"color: #ffffff; background-color: rgba(0,0,0,0.7); display: inline; padding: 10px 20px;\">Deutsch und Englisch ins Franz\u00f6sische<\/span><\/h4>\n<h4 class=\"lead text-center mb-0\" style=\"text-align: center; line-height: 2;\"><span style=\"color: #ffffff; background-color: rgba(0,0,0,0.7); display: inline; padding: 10px 20px;\">\u00dcbersetzung \u2013 Transkreation \u2013 Lektorat<\/span><\/h4>\n<p>[\/vc_column_text][\/vc_column][\/vc_row][\/vc_section][vc_section][vc_row][vc_column]\n\t\t\t<p class=\"lead text-center\">Ihre \u00dcbersetzerin f\u00fcr \n\t\t\t\t<span class=\"typer\" id=\"typer\" data-delay=\"100\" data-delim=\",\" data-words=\"Musikwissenschaft,Online-Shops,Kinder- und Jugendliteratur,Musicals,TV und Multimedia,Tourismus\"><\/span>\n\t\t\t\t<span class=\"cursor\" data-owner=\"typer\"><\/span> \n\t\t\t<\/p>\n\t\t[vc_empty_space][vc_column_text]<\/p>\n<p style=\"text-align: center;\">Ich biete \u00dcbersetzung und Transkreation f\u00fcr folgende Sprachkombinationen:<br \/>\nDeutsch -&gt; Franz\u00f6sisch<br \/>\nEnglisch -&gt; Franz\u00f6sisch<br \/>\nsowie Lektorate f\u00fcr franz\u00f6sische Texte<\/p>\n<p style=\"text-align: center;\"><strong>Meine Tarife f\u00fcr \u00dcbersetzung:<\/strong><br \/>\nBerechnung nach Projekt, pro Standardzeile (55 Anschl\u00e4ge) oder pro Wort in der Zielsprache<\/p>\n<p style=\"text-align: center;\"><strong>Meine Tarife f\u00fcr Transkreation<\/strong><br \/>\nBerechnung nach Projekt oder f\u00fcr kurze Dokumente nach Zeit<\/p>\n<p style=\"text-align: center;\"><strong>Meine Tarife f\u00fcr Lektoratsarbeit:<\/strong><br \/>\nBerechnung nach Zeit<\/p>\n<p style=\"text-align: center;\">Sowohl die Tarife f\u00fcr \u00dcbersetzung als auch f\u00fcr Transkreation h\u00e4ngen vom Volumen, Fachgebiet und Schwierigkeitsgrad des zu \u00fcbersetzenden Dokuments ab.<\/p>\n<p>[\/vc_column_text][vc_empty_space][vc_column_text]<\/p>\n<h4 style=\"text-align: center;\">Da jeder Text und jedes Projekt einzigartig ist, schicke ich Ihnen gern unverbindlich ein Angebot.<\/h4>\n<h4 style=\"text-align: center;\">Selbstverst\u00e4ndlich behandele ich alle Dokumente, die Sie mir zusenden, strikt vertraulich.<\/h4>\n<p>[\/vc_column_text][vc_column_text css_animation=&#8220;zoomIn&#8220;]<\/p>\n<p style=\"text-align: center;\"><a class=\"btn btn-rounded\" href=\"http:\/\/seidler-europe.de\/contact\/\">Angebot<\/a><\/p>\n<p>[\/vc_column_text][\/vc_column][\/vc_row][\/vc_section][vc_row css=&#8220;.vc_custom_1540464644607{margin-bottom: 60px !important;}&#8220;][vc_column width=&#8220;1\/2&#8243;][vc_column_text]<strong>Wozu eine professionelle \u00dcbersetzerin?<\/strong><\/p>\n<p>Immer mehr Leute beherrschen eine oder mehrere Fremdsprachen. Sich in einer Fremdsprache verst\u00e4ndigen zu k\u00f6nnen, hei\u00dft aber noch lange nicht, dass man \u00fcbersetzen kann! Gut zu \u00fcbersetzen geht weit \u00fcber eine Wort\u00fcbertragung hinaus. Die richtige Wortwahl und eine authentische Wiedergabe der urspr\u00fcnglichen Botschaft sind die wahren Herausforderungen einer gelungenen \u00dcbersetzung. Anders ausgedr\u00fcckt: Der Text soll nicht nach einer \u00dcbersetzung klingen, sondern so, als w\u00e4re er in der Fremdsprache geschrieben. Wenn ich \u00fcbersetze, versetze ich mich in den Autor hinein, f\u00fchle seinen Ton, seinen Stil und seine Intention und \u00fcbertrage dann ins Franz\u00f6sische.[\/vc_column_text][vc_column_text css_animation=&#8220;zoomIn&#8220; css=&#8220;.vc_custom_1548894601056{margin-top: 20px !important;}&#8220;]<\/p>\n<p style=\"text-align: center;\"><a class=\"btn btn-rounded\" href=\"http:\/\/seidler-europe.de\/contact\/\">Ich brauche eine \u00dcbersetzung<\/a><\/p>\n<p>[\/vc_column_text][\/vc_column][vc_column width=&#8220;1\/2&#8243;][vc_column_text css=&#8220;.vc_custom_1552418111442{margin-bottom: 10px !important;}&#8220;]<strong>Was ist Transkreation?<\/strong><\/p>\n<p>Transkreation ist eine Art von \u00dcbersetzung, die z.\u00a0B. bei Marketingprojekten ben\u00f6tigt wird, die auf eine fremde Kultur zielen.<\/p>\n<p>Das Ziel der Transkreation ist, beim Kunden dieselben Emotionen auszul\u00f6sen, die die Botschaft in der Originalsprache erzielt hat. \u00dcbersetzen ohne die eigentliche Botschaft, die ausgel\u00f6sten Gef\u00fchle oder die Zielkultur dabei zu beachten, ist ein gravierender Fehler und kann sich negativ auf Kunden oder Leser auswirken.<\/p>\n<p>Um eine gute Transkreation zu erreichen, verwende ich als \u00dcbersetzerin teilweise eine andere Wortwahl, die allerdings bei der Zielkundschaft bzw. -leserschaft die gleichen emotionalen Reaktionen ausl\u00f6st. Hier sind einige Bereiche, in denen Transkreation notwendig ist:<\/p>\n<p><strong>Internetseiten, Newsletter, Lieder, Musicals, Comics, B\u00fccher, Videospiele, Filme und andere Texte aus der Kreativwirtschaft.<\/strong><\/p>\n<p>Transkreation ist ein Zweig der \u00dcbersetzungsbranche, die Kreativit\u00e4t und tiefgr\u00fcndige Kenntnisse der Quell- und Zielkulturen erfordert. Ich liebe es, ansprechende und passende Titel, Wortspiele oder Reime zu finden. Sprechen Sie mich an. Ich freue mich auf jedes neue Projekt![\/vc_column_text][vc_column_text css_animation=&#8220;zoomIn&#8220; css=&#8220;.vc_custom_1548894581935{margin-top: 30px !important;}&#8220;]<\/p>\n<p style=\"text-align: center;\"><a class=\"btn btn-rounded\" href=\"http:\/\/seidler-europe.de\/contact\/\">Ich brauche eine Transkreation<\/a><\/p>\n<p>[\/vc_column_text][\/vc_column][\/vc_row]<\/p>\n<div class=\"clearfix\"><\/div>","protected":false},"excerpt":{"rendered":"<p>[vc_section full_width=&#8220;stretch_row&#8220; parallax=&#8220;content-moving&#8220; parallax_image=&#8220;2329&#8243;][vc_row][vc_column][vc_column_text] Leistungen + Tarife Deutsch und Englisch ins Franz\u00f6sische \u00dcbersetzung \u2013 Transkreation \u2013 Lektorat [\/vc_column_text][\/vc_column][\/vc_row][\/vc_section][vc_section][vc_row][vc_column][vc_empty_space][vc_column_text] Ich biete \u00dcbersetzung und&#8230;<\/p>\n","protected":false},"author":1,"featured_media":0,"parent":0,"menu_order":0,"comment_status":"closed","ping_status":"closed","template":"","meta":{"om_disable_all_campaigns":false,"_monsterinsights_skip_tracking":false,"_monsterinsights_sitenote_active":false,"_monsterinsights_sitenote_note":"","_monsterinsights_sitenote_category":0},"yoast_head":"<!-- This site is optimized with the Yoast SEO plugin v19.14 - https:\/\/yoast.com\/wordpress\/plugins\/seo\/ -->\n<title>Englisch-Franz\u00f6sisch \u00dcbersetzungen - Fach\u00fcbersetzungen<\/title>\n<meta name=\"description\" content=\"\u00dcbersetzungen Deutsch-Franz\u00f6sisch und Englisch-Franz\u00f6sisch. Websites, Online-Shops, Marketing, Kreativwirtschaft, Tourismus, Multimedia.\" \/>\n<meta name=\"robots\" content=\"index, follow, max-snippet:-1, max-image-preview:large, max-video-preview:-1\" \/>\n<link rel=\"canonical\" href=\"https:\/\/seidler-europe.de\/de\/services-and-rates\/\" \/>\n<meta property=\"og:locale\" content=\"de_DE\" \/>\n<meta property=\"og:type\" content=\"article\" \/>\n<meta property=\"og:title\" content=\"Englisch-Franz\u00f6sisch \u00dcbersetzungen - Fach\u00fcbersetzungen\" \/>\n<meta property=\"og:description\" content=\"\u00dcbersetzungen Deutsch-Franz\u00f6sisch und Englisch-Franz\u00f6sisch. Websites, Online-Shops, Marketing, Kreativwirtschaft, Tourismus, Multimedia.\" \/>\n<meta property=\"og:url\" content=\"https:\/\/seidler-europe.de\/de\/services-and-rates\/\" \/>\n<meta property=\"og:site_name\" content=\"Anne-Sophie Seidler\" \/>\n<meta property=\"article:modified_time\" content=\"2019-04-08T23:05:35+00:00\" \/>\n<meta name=\"twitter:card\" content=\"summary_large_image\" \/>\n<meta name=\"twitter:label1\" content=\"Gesch\u00e4tzte Lesezeit\" \/>\n\t<meta name=\"twitter:data1\" content=\"3\u00a0Minuten\" \/>\n<script type=\"application\/ld+json\" class=\"yoast-schema-graph\">{\"@context\":\"https:\/\/schema.org\",\"@graph\":[{\"@type\":\"WebPage\",\"@id\":\"https:\/\/seidler-europe.de\/de\/services-and-rates\/\",\"url\":\"https:\/\/seidler-europe.de\/de\/services-and-rates\/\",\"name\":\"Englisch-Franz\u00f6sisch \u00dcbersetzungen - Fach\u00fcbersetzungen\",\"isPartOf\":{\"@id\":\"https:\/\/seidler-europe.de\/#website\"},\"datePublished\":\"2018-12-20T17:26:00+00:00\",\"dateModified\":\"2019-04-08T23:05:35+00:00\",\"description\":\"\u00dcbersetzungen Deutsch-Franz\u00f6sisch und Englisch-Franz\u00f6sisch. Websites, Online-Shops, Marketing, Kreativwirtschaft, Tourismus, Multimedia.\",\"breadcrumb\":{\"@id\":\"https:\/\/seidler-europe.de\/de\/services-and-rates\/#breadcrumb\"},\"inLanguage\":\"de\",\"potentialAction\":[{\"@type\":\"ReadAction\",\"target\":[\"https:\/\/seidler-europe.de\/de\/services-and-rates\/\"]}]},{\"@type\":\"BreadcrumbList\",\"@id\":\"https:\/\/seidler-europe.de\/de\/services-and-rates\/#breadcrumb\",\"itemListElement\":[{\"@type\":\"ListItem\",\"position\":1,\"name\":\"Home\",\"item\":\"https:\/\/seidler-europe.de\/de\/\"},{\"@type\":\"ListItem\",\"position\":2,\"name\":\"Leistungen + Tarife\"}]},{\"@type\":\"WebSite\",\"@id\":\"https:\/\/seidler-europe.de\/#website\",\"url\":\"https:\/\/seidler-europe.de\/\",\"name\":\"Anne-Sophie Seidler\",\"description\":\"Translation, transcreation and proofreading services. English and German into French.\",\"publisher\":{\"@id\":\"https:\/\/seidler-europe.de\/#\/schema\/person\/f7a75920aa8929c2f92502bd0e4380c1\"},\"potentialAction\":[{\"@type\":\"SearchAction\",\"target\":{\"@type\":\"EntryPoint\",\"urlTemplate\":\"https:\/\/seidler-europe.de\/?s={search_term_string}\"},\"query-input\":\"required name=search_term_string\"}],\"inLanguage\":\"de\"},{\"@type\":[\"Person\",\"Organization\"],\"@id\":\"https:\/\/seidler-europe.de\/#\/schema\/person\/f7a75920aa8929c2f92502bd0e4380c1\",\"name\":\"seidler-admin\",\"image\":{\"@type\":\"ImageObject\",\"inLanguage\":\"de\",\"@id\":\"https:\/\/seidler-europe.de\/#\/schema\/person\/image\/\",\"url\":\"https:\/\/secure.gravatar.com\/avatar\/9dd84bc02e795e7a26472caf94bfd321?s=96&d=mm&r=g\",\"contentUrl\":\"https:\/\/secure.gravatar.com\/avatar\/9dd84bc02e795e7a26472caf94bfd321?s=96&d=mm&r=g\",\"caption\":\"seidler-admin\"},\"logo\":{\"@id\":\"https:\/\/seidler-europe.de\/#\/schema\/person\/image\/\"}}]}<\/script>\n<!-- \/ Yoast SEO plugin. -->","yoast_head_json":{"title":"Englisch-Franz\u00f6sisch \u00dcbersetzungen - Fach\u00fcbersetzungen","description":"\u00dcbersetzungen Deutsch-Franz\u00f6sisch und Englisch-Franz\u00f6sisch. Websites, Online-Shops, Marketing, Kreativwirtschaft, Tourismus, Multimedia.","robots":{"index":"index","follow":"follow","max-snippet":"max-snippet:-1","max-image-preview":"max-image-preview:large","max-video-preview":"max-video-preview:-1"},"canonical":"https:\/\/seidler-europe.de\/de\/services-and-rates\/","og_locale":"de_DE","og_type":"article","og_title":"Englisch-Franz\u00f6sisch \u00dcbersetzungen - Fach\u00fcbersetzungen","og_description":"\u00dcbersetzungen Deutsch-Franz\u00f6sisch und Englisch-Franz\u00f6sisch. Websites, Online-Shops, Marketing, Kreativwirtschaft, Tourismus, Multimedia.","og_url":"https:\/\/seidler-europe.de\/de\/services-and-rates\/","og_site_name":"Anne-Sophie Seidler","article_modified_time":"2019-04-08T23:05:35+00:00","twitter_card":"summary_large_image","twitter_misc":{"Gesch\u00e4tzte Lesezeit":"3\u00a0Minuten"},"schema":{"@context":"https:\/\/schema.org","@graph":[{"@type":"WebPage","@id":"https:\/\/seidler-europe.de\/de\/services-and-rates\/","url":"https:\/\/seidler-europe.de\/de\/services-and-rates\/","name":"Englisch-Franz\u00f6sisch \u00dcbersetzungen - Fach\u00fcbersetzungen","isPartOf":{"@id":"https:\/\/seidler-europe.de\/#website"},"datePublished":"2018-12-20T17:26:00+00:00","dateModified":"2019-04-08T23:05:35+00:00","description":"\u00dcbersetzungen Deutsch-Franz\u00f6sisch und Englisch-Franz\u00f6sisch. Websites, Online-Shops, Marketing, Kreativwirtschaft, Tourismus, Multimedia.","breadcrumb":{"@id":"https:\/\/seidler-europe.de\/de\/services-and-rates\/#breadcrumb"},"inLanguage":"de","potentialAction":[{"@type":"ReadAction","target":["https:\/\/seidler-europe.de\/de\/services-and-rates\/"]}]},{"@type":"BreadcrumbList","@id":"https:\/\/seidler-europe.de\/de\/services-and-rates\/#breadcrumb","itemListElement":[{"@type":"ListItem","position":1,"name":"Home","item":"https:\/\/seidler-europe.de\/de\/"},{"@type":"ListItem","position":2,"name":"Leistungen + Tarife"}]},{"@type":"WebSite","@id":"https:\/\/seidler-europe.de\/#website","url":"https:\/\/seidler-europe.de\/","name":"Anne-Sophie Seidler","description":"Translation, transcreation and proofreading services. English and German into French.","publisher":{"@id":"https:\/\/seidler-europe.de\/#\/schema\/person\/f7a75920aa8929c2f92502bd0e4380c1"},"potentialAction":[{"@type":"SearchAction","target":{"@type":"EntryPoint","urlTemplate":"https:\/\/seidler-europe.de\/?s={search_term_string}"},"query-input":"required name=search_term_string"}],"inLanguage":"de"},{"@type":["Person","Organization"],"@id":"https:\/\/seidler-europe.de\/#\/schema\/person\/f7a75920aa8929c2f92502bd0e4380c1","name":"seidler-admin","image":{"@type":"ImageObject","inLanguage":"de","@id":"https:\/\/seidler-europe.de\/#\/schema\/person\/image\/","url":"https:\/\/secure.gravatar.com\/avatar\/9dd84bc02e795e7a26472caf94bfd321?s=96&d=mm&r=g","contentUrl":"https:\/\/secure.gravatar.com\/avatar\/9dd84bc02e795e7a26472caf94bfd321?s=96&d=mm&r=g","caption":"seidler-admin"},"logo":{"@id":"https:\/\/seidler-europe.de\/#\/schema\/person\/image\/"}}]}},"_links":{"self":[{"href":"https:\/\/seidler-europe.de\/de\/wp-json\/wp\/v2\/pages\/2933"}],"collection":[{"href":"https:\/\/seidler-europe.de\/de\/wp-json\/wp\/v2\/pages"}],"about":[{"href":"https:\/\/seidler-europe.de\/de\/wp-json\/wp\/v2\/types\/page"}],"author":[{"embeddable":true,"href":"https:\/\/seidler-europe.de\/de\/wp-json\/wp\/v2\/users\/1"}],"replies":[{"embeddable":true,"href":"https:\/\/seidler-europe.de\/de\/wp-json\/wp\/v2\/comments?post=2933"}],"version-history":[{"count":17,"href":"https:\/\/seidler-europe.de\/de\/wp-json\/wp\/v2\/pages\/2933\/revisions"}],"predecessor-version":[{"id":3608,"href":"https:\/\/seidler-europe.de\/de\/wp-json\/wp\/v2\/pages\/2933\/revisions\/3608"}],"wp:attachment":[{"href":"https:\/\/seidler-europe.de\/de\/wp-json\/wp\/v2\/media?parent=2933"}],"curies":[{"name":"wp","href":"https:\/\/api.w.org\/{rel}","templated":true}]}}