{"id":2932,"date":"2018-12-20T17:24:59","date_gmt":"2018-12-20T17:24:59","guid":{"rendered":"http:\/\/seidler-europe.de\/?page_id=2932"},"modified":"2019-02-08T16:15:51","modified_gmt":"2019-02-08T16:15:51","slug":"testimonials","status":"publish","type":"page","link":"https:\/\/seidler-europe.de\/de\/testimonials\/","title":{"rendered":"Kundenstimmen"},"content":{"rendered":"<p>[vc_section full_width=&#8220;stretch_row&#8220; parallax=&#8220;content-moving&#8220; parallax_image=&#8220;2323&#8243;][vc_row css=&#8220;.vc_custom_1510015888853{padding-bottom: 50px !important;}&#8220;][vc_column][vc_column_text]<\/p>\n<h1 class=\"section-title\" style=\"text-align: center; line-height: 1.5;\"><span style=\"color: #ffffff; background-color: rgba(0,0,0,0.7); display: inline; padding: 10px 20px;\">Kundenstimmen<\/span><\/h1>\n<p>[\/vc_column_text][\/vc_column][\/vc_row][\/vc_section][vc_section][vc_row css_animation=&#8220;fadeInUp&#8220;][vc_column]<div class=\"row\">\n\t<div class=\"col-sm-4\">\n\n\t<div class=\"box box-bg bg-white box-arrow bottom\">\n\t\t<blockquote class=\"small\">\n\t\t\t<p>\"Liebe zur Sprache, beeindruckende Pr\u00e4zision und Geschwindigkeit, Bereitschaft an den Details zu feilen: Bei Frau Seidler w\u00fcrde ich auch in der Zukunft, ohne Zweifel, ein Herzensprojekt ihren guten und professionellen H\u00e4nden \u00fcberlassen.\"<\/p>\n<p><a href=\"http:\/\/vimeo.com\/irinarubina\" rel=\"noopener noreferrer\" target=\"_blank\">http:\/\/vimeo.com\/irinarubina<\/a><\/p>\n<p><em>(Projekt Januar 2020)<\/em><\/p>\n\t\t<\/blockquote>\n\t<\/div>\n\t\n\t<div class=\"feature feature-m\"> \n\t\t<span class=\"icon icon-round icon-img icon-img-s\">\n\t\t\t<img width=\"150\" height=\"120\" src=\"https:\/\/seidler-europe.de\/wp-content\/uploads\/2018\/10\/german-flag-150x120.png\" class=\"attachment-thumbnail size-thumbnail wp-post-image\" alt=\"\" decoding=\"async\" loading=\"lazy\" \/>\t\t<\/span>\n\t\t<h6 class=\"pt-15 mb-0\">Irina Rubina<\/h6><p>Animationsregisseurin<\/p>\t<\/div><!--\/.feature --> \n\n<\/div><!--\/column --><div class=\"col-sm-4\">\n\n\t<div class=\"box box-bg bg-white box-arrow bottom\">\n\t\t<blockquote class=\"small\">\n\t\t\t<p>\"Mit Frau Seidler habe ich endlich die richtige Person gefunden! F\u00fcr mein multilinguales Buchprojekt haben zuerst mehrere Franz\u00f6sisch-\u00dcbersetzer am Buch gearbeitet und ich war mit der Arbeit leider nicht ganz zufrieden. Als ich mich an Frau Seidler wandte, war ich mir endlich sicher, mich 100% auf sie verlassen zu k\u00f6nnen. Sie hat sehr professionell gearbeitet und war sehr engagiert. Vielen Dank!\"<br \/>\n<a href=\"http:\/\/www.womagis.com\" rel=\"noopener noreferrer\" target=\"_blank\">http:\/\/www.womagis.com<\/a><\/p>\n<p><em>(Projekt Juni 2018)<\/em><\/p>\n\t\t<\/blockquote>\n\t<\/div>\n\t\n\t<div class=\"feature feature-m\"> \n\t\t<span class=\"icon icon-round icon-img icon-img-s\">\n\t\t\t<img width=\"150\" height=\"120\" src=\"https:\/\/seidler-europe.de\/wp-content\/uploads\/2018\/10\/german-flag-150x120.png\" class=\"attachment-thumbnail size-thumbnail wp-post-image\" alt=\"\" decoding=\"async\" loading=\"lazy\" \/>\t\t<\/span>\n\t\t<h6 class=\"pt-15 mb-0\">Marta Villegas<\/h6><p>Autorin<\/p>\t<\/div><!--\/.feature --> \n\n<\/div><!--\/column --><div class=\"col-sm-4\">\n\n\t<div class=\"box box-bg bg-white box-arrow bottom\">\n\t\t<blockquote class=\"small\">\n\t\t\t<p>\"Anne-Sophie was recommended to us for French translations of a few of our low-level nonfiction series. Not only was she very pleasant to work with, but she was also timely and organized with her projects, even while in the process of moving! Her dependable demeanor, accurate translations, and strict attention to detail throughout the entire process, from initial translations to layout proofreads, was very appreciated! We\u2019re so pleased to have formed a working relationship with her and look forward to working with her again in the future!\"<\/p>\n<p><a href=\"https:\/\/www.jumplibrary.com\/\">https:\/\/www.jumplibrary.com\/<\/a><\/p>\n<p><em>(Zusammenarbeit seit 2017)<\/em><\/p>\n\t\t<\/blockquote>\n\t<\/div>\n\t\n\t<div class=\"feature feature-m\"> \n\t\t<span class=\"icon icon-round icon-img icon-img-s\">\n\t\t\t<img width=\"150\" height=\"105\" src=\"https:\/\/seidler-europe.de\/wp-content\/uploads\/2018\/10\/usa-flag-150x105.png\" class=\"attachment-thumbnail size-thumbnail wp-post-image\" alt=\"\" decoding=\"async\" loading=\"lazy\" \/>\t\t<\/span>\n\t\t<h6 class=\"pt-15 mb-0\">Jenna Trnka<\/h6><p>Chefredakteurin - Jump! - Minneapolis, USA<\/p>\t<\/div><!--\/.feature --> \n\n<\/div><!--\/column --><div class=\"col-sm-4\">\n\n\t<div class=\"box box-bg bg-white box-arrow bottom\">\n\t\t<blockquote class=\"small\">\n\t\t\t<p>\"Frau Anne-Sophie Seidler hat f\u00fcr uns den kompletten Text-Inhalt unseres Online-Shops \u00fcbersetzt und lektoriert.<br \/>\nGefragt war weit mehr als eine simple \u00dcbersetzung auf Franz\u00f6sisch \u2013 n\u00e4mlich die gezielte und gekonnte Ansprache von Kunden in der Westschweiz, da unser Shop Schweiz weit t\u00e4tig ist. Au\u00dferdem wollten wir Besucher durch einen korrekten, direkten und freundlichen Sprachstil \u00fcberzeugen.<br \/>\nDie Zusammenarbeit mit Frau Seidler war sehr angenehm und unkompliziert. Termine wurden punktgenau eingehalten. Begeistert hat uns auch das Engagement und Interesse von Frau Seidler an allen inhaltlichen Themen.<br \/>\nDer Shop ging planm\u00e4\u00dfig Anfang November 2014 online. Erste Bestellungen auf Franz\u00f6sisch sind sofort erfolgt.\"<\/p>\n<p>&nbsp;<\/p>\n<p><em>(Zusammenarbeit seit 2014)<\/em><\/p>\n\t\t<\/blockquote>\n\t<\/div>\n\t\n\t<div class=\"feature feature-m\"> \n\t\t<span class=\"icon icon-round icon-img icon-img-s\">\n\t\t\t<img width=\"150\" height=\"120\" src=\"https:\/\/seidler-europe.de\/wp-content\/uploads\/2018\/10\/german-flag-150x120.png\" class=\"attachment-thumbnail size-thumbnail wp-post-image\" alt=\"\" decoding=\"async\" loading=\"lazy\" \/>\t\t<\/span>\n\t\t<h6 class=\"pt-15 mb-0\">Heike Reidinger<\/h6><p>Marketing und Werbung, Internet Onlineshop AG, Schaan, Liechstenstein<\/p>\t<\/div><!--\/.feature --> \n\n<\/div><!--\/column --><div class=\"col-sm-4\">\n\n\t<div class=\"box box-bg bg-white box-arrow bottom\">\n\t\t<blockquote class=\"small\">\n\t\t\t<p>\"Frau Seidler hat f\u00fcr mich seit 1998 - damals noch als Studentin - schwierige allgemeinsprachliche und technische Texte stets zu meiner gr\u00f6\u00dften Zufriedenheit aus dem Deutschen ins Franz\u00f6sische \u00fcbersetzt. Auch zahlreiche Lektoratsarbeiten wurden von ihr in angenehmer Zusammenarbeit tadellos ausgef\u00fchrt.\"<\/p>\n<p><a href=\"http:\/\/weissbrich.com\/\" rel=\"noopener noreferrer\" target=\"_blank\">http:\/\/weissbrich.com\/<\/a><\/p>\n<p><em>(Zusammenarbeit von 1998 bis 2004)<\/em><\/p>\n\t\t<\/blockquote>\n\t<\/div>\n\t\n\t<div class=\"feature feature-m\"> \n\t\t<span class=\"icon icon-round icon-img icon-img-s\">\n\t\t\t<img width=\"150\" height=\"120\" src=\"https:\/\/seidler-europe.de\/wp-content\/uploads\/2018\/10\/german-flag-150x120.png\" class=\"attachment-thumbnail size-thumbnail wp-post-image\" alt=\"\" decoding=\"async\" loading=\"lazy\" \/>\t\t<\/span>\n\t\t<h6 class=\"pt-15 mb-0\">J\u00fcrgen Wei\u00dfbrich<\/h6><p>Diplom-\u00dcbersetzer, Heidelberg<\/p>\t<\/div><!--\/.feature --> \n\n<\/div><!--\/column --><div class=\"col-sm-4\">\n\n\t<div class=\"box box-bg bg-white box-arrow bottom\">\n\t\t<blockquote class=\"small\">\n\t\t\t<p>\"Frau Anne-Sophie Seidler \u00fcbersetzt seit 2013 regelm\u00e4\u00dfig Booklet-Texte f\u00fcr unsere DVD und CD Ver\u00f6ffentlichungen von Deutsch in Franz\u00f6sisch. Die Texte beinhalten neben musikwissenschaftlichen h\u00e4ufig auch historische Sujets und biografische Fakten der K\u00fcnstler. Ich habe Frau Seidler als pr\u00e4zise und zuverl\u00e4ssige \u00dcbersetzerin kennen lernen d\u00fcrfen. Sie erweist sich insbesondere bei terminlichen Engp\u00e4ssen als sehr flexibel, wobei Qualit\u00e4t und Gewissenhaftigkeit im Fokus Ihrer Arbeit bleiben.\"<\/p>\n<p><a href=\"http:\/\/accentus.com\/\">http:\/\/accentus.com\/<\/a><\/p>\n<p><em>(Zusammenarbeit seit 2013)<\/em><\/p>\n\t\t<\/blockquote>\n\t<\/div>\n\t\n\t<div class=\"feature feature-m\"> \n\t\t<span class=\"icon icon-round icon-img icon-img-s\">\n\t\t\t<img width=\"150\" height=\"120\" src=\"https:\/\/seidler-europe.de\/wp-content\/uploads\/2018\/10\/german-flag-150x120.png\" class=\"attachment-thumbnail size-thumbnail wp-post-image\" alt=\"\" decoding=\"async\" loading=\"lazy\" \/>\t\t<\/span>\n\t\t<h6 class=\"pt-15 mb-0\">Accentus Music GmbH<\/h6><p>Music label, Leipzig<\/p>\t<\/div><!--\/.feature --> \n\n<\/div><!--\/column --><div class=\"col-sm-4\">\n\n\t<div class=\"box box-bg bg-white box-arrow bottom\">\n\t\t<blockquote class=\"small\">\n\t\t\t<p>\"Merci infiniment pour cette traduction superbe... et rapide !\"<\/p>\n<p>&nbsp;<\/p>\n<p><em>Bad Soden (2015)<\/em><\/p>\n\t\t<\/blockquote>\n\t<\/div>\n\t\n\t<div class=\"feature feature-m\"> \n\t\t<span class=\"icon icon-round icon-img icon-img-s\">\n\t\t\t<img width=\"150\" height=\"133\" src=\"https:\/\/seidler-europe.de\/wp-content\/uploads\/2018\/10\/fr-flag-150x133.png\" class=\"attachment-thumbnail size-thumbnail wp-post-image\" alt=\"\" decoding=\"async\" loading=\"lazy\" \/>\t\t<\/span>\n\t\t<h6 class=\"pt-15 mb-0\">Glynis Thompson<\/h6><p>Translation and Editing Services<\/p>\t<\/div><!--\/.feature --> \n\n<\/div><!--\/column --><div class=\"col-sm-4\">\n\n\t<div class=\"box box-bg bg-white box-arrow bottom\">\n\t\t<blockquote class=\"small\">\n\t\t\t<p>\"I have worked with Anne-Sophie Seidler often, over many years. I am an art director and Anne-Sophie and I have collaborated primarily on the conversion of children\u2019s non-fiction books from English to French. Her professionalism and attention to detail never fail to impress me. Anne-Sophie offers much more than mere word-for-word translation; where necessary she will suggest alternative words, phrases, idioms, names or timeline entries best suited to the target audience. She has an eagle eye for punctuation and clarity and, on top of all that, she is organised and quick, funny and friendly, and a delight to work with. When Anne-Sophie is on your team, you are assured the end result will be as good as it can be.\"<\/p>\n<p><a href=\"http:\/\/www.guycallaby.co.uk\">http:\/\/www.guycallaby.co.uk<\/a><\/p>\n<p><em>(Zusammenarbeit seit 2012)<\/em><\/p>\n\t\t<\/blockquote>\n\t<\/div>\n\t\n\t<div class=\"feature feature-m\"> \n\t\t<span class=\"icon icon-round icon-img icon-img-s\">\n\t\t\t<img width=\"150\" height=\"120\" src=\"https:\/\/seidler-europe.de\/wp-content\/uploads\/2018\/10\/gb-flag-150x120.png\" class=\"attachment-thumbnail size-thumbnail wp-post-image\" alt=\"\" decoding=\"async\" loading=\"lazy\" \/>\t\t<\/span>\n\t\t<h6 class=\"pt-15 mb-0\">Guy Callaby<\/h6><p>Grafikdesigner, Guy Callaby Design, UK<\/p>\t<\/div><!--\/.feature --> \n\n<\/div><!--\/column --><div class=\"col-sm-4\">\n\n\t<div class=\"box box-bg bg-white box-arrow bottom\">\n\t\t<blockquote class=\"small\">\n\t\t\t<p>\"Anne-Sophie Seidler has translated about 100 books, from English to French, for Appleseed Editions Ltd. As these were all children\u2019s books, particular care was needed to ensure not only that the translations were accurate but also that the translated books maintained the appropriate language level and tone for our young readers. And, as these books were to be published in francophone Canada, we needed to be sure that the language and idioms used were appropriate to that market.<br \/>\nAnne-Sophie met these challenges admirably, and her translations have drawn consistent praise from our Canadian colleagues. She has always been clear, organised, responsive and an absolute pleasure to work with. My colleagues and I have no hesitation in giving her the strongest possible recommendation.\"<\/p>\n<p>&nbsp;<\/p>\n<p><em>(Zusammenarbeit von 2012 bis 2016)<\/em><\/p>\n\t\t<\/blockquote>\n\t<\/div>\n\t\n\t<div class=\"feature feature-m\"> \n\t\t<span class=\"icon icon-round icon-img icon-img-s\">\n\t\t\t<img width=\"150\" height=\"120\" src=\"https:\/\/seidler-europe.de\/wp-content\/uploads\/2018\/10\/gb-flag-150x120.png\" class=\"attachment-thumbnail size-thumbnail wp-post-image\" alt=\"\" decoding=\"async\" loading=\"lazy\" \/>\t\t<\/span>\n\t\t<h6 class=\"pt-15 mb-0\">Peter Osborn<\/h6><p>Inhaber Appleseed Editions Ltd. Verlag, UK<\/p>\t<\/div><!--\/.feature --> \n\n<\/div><!--\/column --><div class=\"col-sm-4\">\n\n\t<div class=\"box box-bg bg-white box-arrow bottom\">\n\t\t<blockquote class=\"small\">\n\t\t\t<p>\"Anne-Sophie is a true professional. Not only did she deliver her translations on time and on budget, but she also caught editorial errors that our team had missed! Anne-Sophie was easy to communicate with and responsive to all questions and requests. I look forward to working with her again on future projects.\"<\/p>\n<p>&nbsp;<\/p>\n<p><em>(Zusammenarbeit seit 2015)<\/em><\/p>\n\t\t<\/blockquote>\n\t<\/div>\n\t\n\t<div class=\"feature feature-m\"> \n\t\t<span class=\"icon icon-round icon-img icon-img-s\">\n\t\t\t<img width=\"150\" height=\"105\" src=\"https:\/\/seidler-europe.de\/wp-content\/uploads\/2018\/10\/usa-flag-150x105.png\" class=\"attachment-thumbnail size-thumbnail wp-post-image\" alt=\"\" decoding=\"async\" loading=\"lazy\" \/>\t\t<\/span>\n\t\t<h6 class=\"pt-15 mb-0\">Marie Kruegel<\/h6><p>Projektmanagerin f\u00fcr die Publikation von 6 Kinderb\u00fccherserien Englisch-kanadisch Franz\u00f6sisch (40 B\u00fccher), Minnesota, USA<\/p>\t<\/div><!--\/.feature --> \n\n<\/div><!--\/column --><div class=\"col-sm-4\">\n\n\t<div class=\"box box-bg bg-white box-arrow bottom\">\n\t\t<blockquote class=\"small\">\n\t\t\t<p>\"Frau Seidler hat mit gro\u00dfer Pr\u00e4zision meine Dissertations-Gutachten aus dem Feld der Life-Science \u00fcbersetzt. Die komplexen naturwissenschaftlichen Sachverhalte wurden von Frau Seidler sehr genau und zudem auch in kurzer Zeit ins Franz\u00f6sische \u00fcbertragen, ich kann sie nur weiter empfehlen.\"<\/p>\n<p>&nbsp;<\/p>\n<p><em>(Projekt Dez. 2016)<\/em><\/p>\n\t\t<\/blockquote>\n\t<\/div>\n\t\n\t<div class=\"feature feature-m\"> \n\t\t<span class=\"icon icon-round icon-img icon-img-s\">\n\t\t\t<img width=\"150\" height=\"120\" src=\"https:\/\/seidler-europe.de\/wp-content\/uploads\/2018\/10\/german-flag-150x120.png\" class=\"attachment-thumbnail size-thumbnail wp-post-image\" alt=\"\" decoding=\"async\" loading=\"lazy\" \/>\t\t<\/span>\n\t\t<h6 class=\"pt-15 mb-0\">Dr. Bernhard Hampoelz<\/h6><p>Heidelberg<\/p>\t<\/div><!--\/.feature --> \n\n<\/div><!--\/column --><div class=\"col-sm-4\">\n\n\t<div class=\"box box-bg bg-white box-arrow bottom\">\n\t\t<blockquote class=\"small\">\n\t\t\t<p>\"Vielen Dank f\u00fcr Ihre \u00dcbersetzung, unsere Kunden sind begeistert.<br \/>\nSchnell, kompetent, p\u00fcnktlich und freundlich, so haben wir Sie kennengelernt.<br \/>\nEs begeistert, was f\u00fcr professionelle Arbeit Sie machen.<br \/>\nFreundliche Gr\u00fc\u00dfe\"<\/p>\n<p>&nbsp;<\/p>\n<p><em>(Projekt Mai 2017)<\/em><\/p>\n\t\t<\/blockquote>\n\t<\/div>\n\t\n\t<div class=\"feature feature-m\"> \n\t\t<span class=\"icon icon-round icon-img icon-img-s\">\n\t\t\t<img width=\"150\" height=\"120\" src=\"https:\/\/seidler-europe.de\/wp-content\/uploads\/2018\/10\/german-flag-150x120.png\" class=\"attachment-thumbnail size-thumbnail wp-post-image\" alt=\"\" decoding=\"async\" loading=\"lazy\" \/>\t\t<\/span>\n\t\t<h6 class=\"pt-15 mb-0\">Dirk Dr\u00f6ssel<\/h6><p>CEO Diatapes<\/p>\t<\/div><!--\/.feature --> \n\n<\/div><!--\/column --><\/div><!--\/.row -->[vc_empty_space height=&#8220;50px&#8220;][\/vc_column][\/vc_row][\/vc_section]<\/p>\n<div class=\"clearfix\"><\/div>","protected":false},"excerpt":{"rendered":"<p>[vc_section full_width=&#8220;stretch_row&#8220; parallax=&#8220;content-moving&#8220; parallax_image=&#8220;2323&#8243;][vc_row css=&#8220;.vc_custom_1510015888853{padding-bottom: 50px !important;}&#8220;][vc_column][vc_column_text] Kundenstimmen [\/vc_column_text][\/vc_column][\/vc_row][\/vc_section][vc_section][vc_row css_animation=&#8220;fadeInUp&#8220;][vc_column][vc_empty_space height=&#8220;50px&#8220;][\/vc_column][\/vc_row][\/vc_section]<\/p>\n","protected":false},"author":1,"featured_media":0,"parent":0,"menu_order":0,"comment_status":"closed","ping_status":"closed","template":"","meta":{"om_disable_all_campaigns":false,"_monsterinsights_skip_tracking":false,"_monsterinsights_sitenote_active":false,"_monsterinsights_sitenote_note":"","_monsterinsights_sitenote_category":0},"yoast_head":"<!-- This site is optimized with the Yoast SEO plugin v19.14 - https:\/\/yoast.com\/wordpress\/plugins\/seo\/ -->\n<title>Kundenstimmen - Anne-Sophie Seidler<\/title>\n<meta name=\"robots\" content=\"index, follow, max-snippet:-1, max-image-preview:large, max-video-preview:-1\" \/>\n<link rel=\"canonical\" href=\"https:\/\/seidler-europe.de\/de\/testimonials\/\" \/>\n<meta property=\"og:locale\" content=\"de_DE\" \/>\n<meta property=\"og:type\" content=\"article\" \/>\n<meta property=\"og:title\" content=\"Kundenstimmen - Anne-Sophie Seidler\" \/>\n<meta property=\"og:description\" content=\"[vc_section full_width=&#8220;stretch_row&#8220; parallax=&#8220;content-moving&#8220; parallax_image=&#8220;2323&#8243;][vc_row css=&#8220;.vc_custom_1510015888853{padding-bottom: 50px !important;}&#8220;][vc_column][vc_column_text] Kundenstimmen [\/vc_column_text][\/vc_column][\/vc_row][\/vc_section][vc_section][vc_row css_animation=&#8220;fadeInUp&#8220;][vc_column][vc_empty_space height=&#8220;50px&#8220;][\/vc_column][\/vc_row][\/vc_section]\" \/>\n<meta property=\"og:url\" content=\"https:\/\/seidler-europe.de\/de\/testimonials\/\" \/>\n<meta property=\"og:site_name\" content=\"Anne-Sophie Seidler\" \/>\n<meta property=\"article:modified_time\" content=\"2019-02-08T16:15:51+00:00\" \/>\n<meta name=\"twitter:card\" content=\"summary_large_image\" \/>\n<script type=\"application\/ld+json\" class=\"yoast-schema-graph\">{\"@context\":\"https:\/\/schema.org\",\"@graph\":[{\"@type\":\"WebPage\",\"@id\":\"https:\/\/seidler-europe.de\/de\/testimonials\/\",\"url\":\"https:\/\/seidler-europe.de\/de\/testimonials\/\",\"name\":\"Kundenstimmen - Anne-Sophie Seidler\",\"isPartOf\":{\"@id\":\"https:\/\/seidler-europe.de\/#website\"},\"datePublished\":\"2018-12-20T17:24:59+00:00\",\"dateModified\":\"2019-02-08T16:15:51+00:00\",\"breadcrumb\":{\"@id\":\"https:\/\/seidler-europe.de\/de\/testimonials\/#breadcrumb\"},\"inLanguage\":\"de\",\"potentialAction\":[{\"@type\":\"ReadAction\",\"target\":[\"https:\/\/seidler-europe.de\/de\/testimonials\/\"]}]},{\"@type\":\"BreadcrumbList\",\"@id\":\"https:\/\/seidler-europe.de\/de\/testimonials\/#breadcrumb\",\"itemListElement\":[{\"@type\":\"ListItem\",\"position\":1,\"name\":\"Home\",\"item\":\"https:\/\/seidler-europe.de\/de\/\"},{\"@type\":\"ListItem\",\"position\":2,\"name\":\"Kundenstimmen\"}]},{\"@type\":\"WebSite\",\"@id\":\"https:\/\/seidler-europe.de\/#website\",\"url\":\"https:\/\/seidler-europe.de\/\",\"name\":\"Anne-Sophie Seidler\",\"description\":\"Translation, transcreation and proofreading services. English and German into French.\",\"publisher\":{\"@id\":\"https:\/\/seidler-europe.de\/#\/schema\/person\/f7a75920aa8929c2f92502bd0e4380c1\"},\"potentialAction\":[{\"@type\":\"SearchAction\",\"target\":{\"@type\":\"EntryPoint\",\"urlTemplate\":\"https:\/\/seidler-europe.de\/?s={search_term_string}\"},\"query-input\":\"required name=search_term_string\"}],\"inLanguage\":\"de\"},{\"@type\":[\"Person\",\"Organization\"],\"@id\":\"https:\/\/seidler-europe.de\/#\/schema\/person\/f7a75920aa8929c2f92502bd0e4380c1\",\"name\":\"seidler-admin\",\"image\":{\"@type\":\"ImageObject\",\"inLanguage\":\"de\",\"@id\":\"https:\/\/seidler-europe.de\/#\/schema\/person\/image\/\",\"url\":\"https:\/\/secure.gravatar.com\/avatar\/9dd84bc02e795e7a26472caf94bfd321?s=96&d=mm&r=g\",\"contentUrl\":\"https:\/\/secure.gravatar.com\/avatar\/9dd84bc02e795e7a26472caf94bfd321?s=96&d=mm&r=g\",\"caption\":\"seidler-admin\"},\"logo\":{\"@id\":\"https:\/\/seidler-europe.de\/#\/schema\/person\/image\/\"}}]}<\/script>\n<!-- \/ Yoast SEO plugin. -->","yoast_head_json":{"title":"Kundenstimmen - Anne-Sophie Seidler","robots":{"index":"index","follow":"follow","max-snippet":"max-snippet:-1","max-image-preview":"max-image-preview:large","max-video-preview":"max-video-preview:-1"},"canonical":"https:\/\/seidler-europe.de\/de\/testimonials\/","og_locale":"de_DE","og_type":"article","og_title":"Kundenstimmen - Anne-Sophie Seidler","og_description":"[vc_section full_width=&#8220;stretch_row&#8220; parallax=&#8220;content-moving&#8220; parallax_image=&#8220;2323&#8243;][vc_row css=&#8220;.vc_custom_1510015888853{padding-bottom: 50px !important;}&#8220;][vc_column][vc_column_text] Kundenstimmen [\/vc_column_text][\/vc_column][\/vc_row][\/vc_section][vc_section][vc_row css_animation=&#8220;fadeInUp&#8220;][vc_column][vc_empty_space height=&#8220;50px&#8220;][\/vc_column][\/vc_row][\/vc_section]","og_url":"https:\/\/seidler-europe.de\/de\/testimonials\/","og_site_name":"Anne-Sophie Seidler","article_modified_time":"2019-02-08T16:15:51+00:00","twitter_card":"summary_large_image","schema":{"@context":"https:\/\/schema.org","@graph":[{"@type":"WebPage","@id":"https:\/\/seidler-europe.de\/de\/testimonials\/","url":"https:\/\/seidler-europe.de\/de\/testimonials\/","name":"Kundenstimmen - Anne-Sophie Seidler","isPartOf":{"@id":"https:\/\/seidler-europe.de\/#website"},"datePublished":"2018-12-20T17:24:59+00:00","dateModified":"2019-02-08T16:15:51+00:00","breadcrumb":{"@id":"https:\/\/seidler-europe.de\/de\/testimonials\/#breadcrumb"},"inLanguage":"de","potentialAction":[{"@type":"ReadAction","target":["https:\/\/seidler-europe.de\/de\/testimonials\/"]}]},{"@type":"BreadcrumbList","@id":"https:\/\/seidler-europe.de\/de\/testimonials\/#breadcrumb","itemListElement":[{"@type":"ListItem","position":1,"name":"Home","item":"https:\/\/seidler-europe.de\/de\/"},{"@type":"ListItem","position":2,"name":"Kundenstimmen"}]},{"@type":"WebSite","@id":"https:\/\/seidler-europe.de\/#website","url":"https:\/\/seidler-europe.de\/","name":"Anne-Sophie Seidler","description":"Translation, transcreation and proofreading services. English and German into French.","publisher":{"@id":"https:\/\/seidler-europe.de\/#\/schema\/person\/f7a75920aa8929c2f92502bd0e4380c1"},"potentialAction":[{"@type":"SearchAction","target":{"@type":"EntryPoint","urlTemplate":"https:\/\/seidler-europe.de\/?s={search_term_string}"},"query-input":"required name=search_term_string"}],"inLanguage":"de"},{"@type":["Person","Organization"],"@id":"https:\/\/seidler-europe.de\/#\/schema\/person\/f7a75920aa8929c2f92502bd0e4380c1","name":"seidler-admin","image":{"@type":"ImageObject","inLanguage":"de","@id":"https:\/\/seidler-europe.de\/#\/schema\/person\/image\/","url":"https:\/\/secure.gravatar.com\/avatar\/9dd84bc02e795e7a26472caf94bfd321?s=96&d=mm&r=g","contentUrl":"https:\/\/secure.gravatar.com\/avatar\/9dd84bc02e795e7a26472caf94bfd321?s=96&d=mm&r=g","caption":"seidler-admin"},"logo":{"@id":"https:\/\/seidler-europe.de\/#\/schema\/person\/image\/"}}]}},"_links":{"self":[{"href":"https:\/\/seidler-europe.de\/de\/wp-json\/wp\/v2\/pages\/2932"}],"collection":[{"href":"https:\/\/seidler-europe.de\/de\/wp-json\/wp\/v2\/pages"}],"about":[{"href":"https:\/\/seidler-europe.de\/de\/wp-json\/wp\/v2\/types\/page"}],"author":[{"embeddable":true,"href":"https:\/\/seidler-europe.de\/de\/wp-json\/wp\/v2\/users\/1"}],"replies":[{"embeddable":true,"href":"https:\/\/seidler-europe.de\/de\/wp-json\/wp\/v2\/comments?post=2932"}],"version-history":[{"count":6,"href":"https:\/\/seidler-europe.de\/de\/wp-json\/wp\/v2\/pages\/2932\/revisions"}],"predecessor-version":[{"id":3207,"href":"https:\/\/seidler-europe.de\/de\/wp-json\/wp\/v2\/pages\/2932\/revisions\/3207"}],"wp:attachment":[{"href":"https:\/\/seidler-europe.de\/de\/wp-json\/wp\/v2\/media?parent=2932"}],"curies":[{"name":"wp","href":"https:\/\/api.w.org\/{rel}","templated":true}]}}