{"id":2927,"date":"2018-12-20T17:25:11","date_gmt":"2018-12-20T17:25:11","guid":{"rendered":"http:\/\/seidler-europe.de\/?page_id=2927"},"modified":"2021-06-18T02:22:20","modified_gmt":"2021-06-18T09:22:20","slug":"get-in-touch","status":"publish","type":"page","link":"https:\/\/seidler-europe.de\/de\/get-in-touch\/","title":{"rendered":"Kontakt"},"content":{"rendered":"<p>[vc_section full_width=&#8220;stretch_row&#8220; content_placement=&#8220;middle&#8220; parallax=&#8220;content-moving&#8220; parallax_image=&#8220;2583&#8243;][vc_row][vc_column][vc_column_text]<\/p>\n<h1 class=\"section-title\" style=\"text-align: center; line-height: 1.5;\"><span style=\"color: #ffffff; background-color: rgba(0,0,0,0.7); display: inline; padding: 10px 20px;\">Kontakt<\/span><\/h1>\n<p>[\/vc_column_text][\/vc_column][\/vc_row][\/vc_section][vc_section][vc_row][vc_column width=&#8220;1\/6&#8243;][\/vc_column][vc_column width=&#8220;2\/3&#8243;][vc_column_text css_animation=&#8220;fadeIn&#8220;]<\/p>\n<h3 style=\"text-align: center;\">Haben Sie eine Frage oder ein Dokument zum \u00dcbersetzen?<\/h3>\n<p style=\"text-align: center;\">Als professionelle Diplom-\u00dcbersetzerin ist Schweigepflicht f\u00fcr mich selbstverst\u00e4ndlich. Alle Dokumente, die Sie mir auch f\u00fcr eine Anfrage zusenden, werden von mir streng vertraulich behandelt.<\/p>\n<p>[\/vc_column_text][vc_empty_space height=&#8220;15px&#8220; el_class=&#8220;mobile-display&#8220;][\/vc_column][vc_column width=&#8220;1\/6&#8243;][\/vc_column][\/vc_row][vc_row css_animation=&#8220;fadeInLeft&#8220;][vc_column width=&#8220;1\/6&#8243;][\/vc_column][vc_column width=&#8220;2\/3&#8243;][vc_row_inner][vc_column_inner width=&#8220;1\/3&#8243;]\n\t\t\t<div class=\"text-center\">\n\t\t\t\t<span class=\"icon icon-color icon-m mb-5\"><i class=\"si-camping_map\" ><\/i><\/span>\n\t\t\t\t<\/p>\n<p style=\"text-align: center;\">Anne-Sophie Seidler<br \/>\nDiplom-\u00dcbersetzerin<br \/>\nReutiner Str. 73a<br \/>\nD-88131 Lindau<\/p>\n<p>\n\t\t\t<\/div>\n\t\t[\/vc_column_inner][vc_column_inner width=&#8220;1\/3&#8243;]\n\t\t\t<div class=\"text-center\">\n\t\t\t\t<span class=\"icon icon-color icon-m mb-5\"><i class=\"si-phone_phone-ringing\" ><\/i><\/span>\n\t\t\t\t<\/p>\n<p style=\"text-align: center;\">+49 (0)179 4711654<\/p>\n<p>\n\t\t\t<\/div>\n\t\t[\/vc_column_inner][vc_column_inner width=&#8220;1\/3&#8243;]\n\t\t\t<div class=\"text-center\">\n\t\t\t\t<span class=\"icon icon-color icon-m mb-5\"><i class=\"si-mail_mail\" ><\/i><\/span>\n\t\t\t\t<\/p>\n<p style=\"text-align: center;\">a.sophie[at]seidler-europe.de<\/p>\n<p>\n\t\t\t<\/div>\n\t\t[\/vc_column_inner][\/vc_row_inner][vc_empty_space height=&#8220;15px&#8220; el_class=&#8220;mobile-display&#8220;][\/vc_column][vc_column width=&#8220;1\/6&#8243; el_class=&#8220;mobile-display&#8220;][\/vc_column][\/vc_row][vc_row css_animation=&#8220;fadeInRight&#8220;][vc_column width=&#8220;1\/6&#8243; el_class=&#8220;mobile-display&#8220;][\/vc_column][vc_column width=&#8220;2\/3&#8243;][vc_row_inner][vc_column_inner width=&#8220;1\/3&#8243;]\n\t\t\t<div class=\"text-center\">\n\t\t\t\t<span class=\"icon icon-color icon-m mb-5\"><i class=\"et-skype\" ><\/i><\/span>\n\t\t\t\t<\/p>\n<p style=\"text-align: center;\">Skype: A. Sophie Seidler<\/p>\n<p>\n\t\t\t<\/div>\n\t\t[\/vc_column_inner][vc_column_inner width=&#8220;1\/3&#8243;]\n\t\t\t<div class=\"text-center\">\n\t\t\t\t<span class=\"icon icon-color icon-m mb-5\"><i class=\"et-linkedin\" ><\/i><\/span>\n\t\t\t\t<\/p>\n<p style=\"text-align: center;\"><a href=\"https:\/\/www.linkedin.com\/in\/anne-sophie-seidler-0aa79ba4\/\"><span style=\"color: #0f0f0f;\">Linkedin: Anne-Sophie Seidler<\/span><\/a><\/p>\n<p>\n\t\t\t<\/div>\n\t\t[\/vc_column_inner][vc_column_inner width=&#8220;1\/3&#8243;]\n\t\t\t<div class=\"text-center\">\n\t\t\t\t<span class=\"icon icon-color icon-m mb-5\"><i class=\"et-xing\" ><\/i><\/span>\n\t\t\t\t<\/p>\n<p style=\"text-align: center;\"><a href=\"https:\/\/www.xing.com\/profile\/AnneSophie_Seidler?sc_o=mxb_p\"><span style=\"color: #0f0f0f;\">Xing: Anne-Sophie Seidler<\/span><\/a><\/p>\n<p>\n\t\t\t<\/div>\n\t\t[\/vc_column_inner][\/vc_row_inner][\/vc_column][vc_column width=&#8220;1\/6&#8243;][\/vc_column][\/vc_row][vc_row][vc_column width=&#8220;1\/6&#8243;][\/vc_column][vc_column width=&#8220;2\/3&#8243; el_class=&#8220;text-center&#8220;][vc_empty_space height=&#8220;45px&#8220; el_class=&#8220;mobile-display&#8220;][vc_column_text]<\/p>\n<h4 style=\"text-align: center;\">Kontaktformular<\/h4>\n<p>[\/vc_column_text]<div class=\"wpcf7 no-js\" id=\"wpcf7-f3081-o1\" lang=\"en-US\" dir=\"ltr\">\n<div class=\"screen-reader-response\"><p role=\"status\" aria-live=\"polite\" aria-atomic=\"true\"><\/p> <ul><\/ul><\/div>\n<form action=\"\/de\/wp-json\/wp\/v2\/pages\/2927#wpcf7-f3081-o1\" method=\"post\" class=\"wpcf7-form init\" aria-label=\"Contact form\" enctype=\"multipart\/form-data\" novalidate=\"novalidate\" data-status=\"init\">\n<div style=\"display: none;\">\n<input type=\"hidden\" name=\"_wpcf7\" value=\"3081\" \/>\n<input type=\"hidden\" name=\"_wpcf7_version\" value=\"5.7.2\" \/>\n<input type=\"hidden\" name=\"_wpcf7_locale\" value=\"en_US\" \/>\n<input type=\"hidden\" name=\"_wpcf7_unit_tag\" value=\"wpcf7-f3081-o1\" \/>\n<input type=\"hidden\" name=\"_wpcf7_container_post\" value=\"0\" \/>\n<input type=\"hidden\" name=\"_wpcf7_posted_data_hash\" value=\"\" \/>\n<input type=\"hidden\" name=\"_wpcf7_recaptcha_response\" value=\"\" \/>\n<\/div>\n<div class=\"form-container\">\n\t<div class=\"row\">\n\t\t<div class=\"col-sm-6 pr-10\">\n\t\t\t<div class=\"form-group\">\n\t\t\t\t<p><span class=\"wpcf7-form-control-wrap\" data-name=\"your-name\"><input  class=\"wpcf7-form-control wpcf7-text wpcf7-validates-as-required form-control\" aria-required=\"true\" aria-invalid=\"false\" placeholder=\"Ihr Name\" value=\"\" type=\"text\" name=\"your-name\" \/><\/span>\n\t\t\t\t<\/p>\n\t\t\t<\/div>\n\t\t<\/div>\n\t\t<div class=\"col-sm-6 pl-10\">\n\t\t\t<div class=\"form-group\">\n\t\t\t\t<p><span class=\"wpcf7-form-control-wrap\" data-name=\"your-email\"><input  class=\"wpcf7-form-control wpcf7-text wpcf7-email wpcf7-validates-as-required wpcf7-validates-as-email form-control\" aria-required=\"true\" aria-invalid=\"false\" placeholder=\"Ihre E-mail Adresse\" value=\"\" type=\"email\" name=\"your-email\" \/><\/span>\n\t\t\t\t<\/p>\n\t\t\t<\/div>\n\t\t<\/div>\n\t\t<div class=\"col-sm-12\">\n\t\t\t<p><span class=\"wpcf7-form-control-wrap\" data-name=\"textarea-58\"><textarea cols=\"40\" rows=\"10\" class=\"wpcf7-form-control wpcf7-textarea form-control\" aria-invalid=\"false\" placeholder=\"Ihre Nachricht...\" name=\"textarea-58\"><\/textarea><\/span>\n\t\t\t<\/p>\n\t\t<\/div>\n\t\t<div class=\"row\">\n\t\t\t<div class=\"col-sm-6 pr-10\" style=\"margin: 20px 0px;\">\n\t\t\t\t<div class=\"form-group\">\n\t\t\t\t\t<p>Datei hinzuf\u00fcgen:\n\t\t\t\t\t<\/p>\n\t\t\t\t<\/div>\n\t\t\t<\/div>\n\t\t\t<div class=\"col-sm-6 pl-10\" style=\"margin: 20px 0px;\">\n\t\t\t\t<div class=\"form-group\">\n\t\t\t\t\t<p><span class=\"wpcf7-form-control-wrap\" data-name=\"file-545\"><input  class=\"wpcf7-form-control wpcf7-file\" accept=\"audio\/*,video\/*,image\/*\" aria-invalid=\"false\" type=\"file\" name=\"file-545\" \/><\/span>\n\t\t\t\t\t<\/p>\n\t\t\t\t<\/div>\n\t\t\t<\/div>\n\t\t\t<p><input class=\"wpcf7-form-control has-spinner wpcf7-submit btn btn-rounded\" type=\"submit\" value=\"Senden\" \/>\n\t\t\t<\/p>\n\t\t<\/div>\n\t<\/div><p style=\"display: none !important;\"><label>&#916;<textarea name=\"_wpcf7_ak_hp_textarea\" cols=\"45\" rows=\"8\" maxlength=\"100\"><\/textarea><\/label><input type=\"hidden\" id=\"ak_js_1\" name=\"_wpcf7_ak_js\" value=\"200\"\/><script>document.getElementById( \"ak_js_1\" ).setAttribute( \"value\", ( new Date() ).getTime() );<\/script><\/p><div class=\"wpcf7-response-output\" aria-hidden=\"true\"><\/div><\/form><\/div>[\/vc_column][vc_column width=&#8220;1\/6&#8243;][\/vc_column][\/vc_row][\/vc_section]<\/p>\n<div class=\"clearfix\"><\/div>","protected":false},"excerpt":{"rendered":"<p>[vc_section full_width=&#8220;stretch_row&#8220; content_placement=&#8220;middle&#8220; parallax=&#8220;content-moving&#8220; parallax_image=&#8220;2583&#8243;][vc_row][vc_column][vc_column_text] Kontakt [\/vc_column_text][\/vc_column][\/vc_row][\/vc_section][vc_section][vc_row][vc_column width=&#8220;1\/6&#8243;][\/vc_column][vc_column width=&#8220;2\/3&#8243;][vc_column_text css_animation=&#8220;fadeIn&#8220;] Haben Sie eine Frage oder ein Dokument zum \u00dcbersetzen? Als professionelle Diplom-\u00dcbersetzerin&#8230;<\/p>\n","protected":false},"author":1,"featured_media":0,"parent":0,"menu_order":0,"comment_status":"closed","ping_status":"closed","template":"","meta":{"om_disable_all_campaigns":false,"_monsterinsights_skip_tracking":false,"_monsterinsights_sitenote_active":false,"_monsterinsights_sitenote_note":"","_monsterinsights_sitenote_category":0},"yoast_head":"<!-- This site is optimized with the Yoast SEO plugin v19.14 - https:\/\/yoast.com\/wordpress\/plugins\/seo\/ -->\n<title>Kontakt - Anne-Sophie Seidler<\/title>\n<meta name=\"robots\" content=\"index, follow, max-snippet:-1, max-image-preview:large, max-video-preview:-1\" \/>\n<link rel=\"canonical\" href=\"https:\/\/seidler-europe.de\/de\/get-in-touch\/\" \/>\n<meta property=\"og:locale\" content=\"de_DE\" \/>\n<meta property=\"og:type\" content=\"article\" \/>\n<meta property=\"og:title\" content=\"Kontakt - Anne-Sophie Seidler\" \/>\n<meta property=\"og:description\" content=\"[vc_section full_width=&#8220;stretch_row&#8220; content_placement=&#8220;middle&#8220; parallax=&#8220;content-moving&#8220; parallax_image=&#8220;2583&#8243;][vc_row][vc_column][vc_column_text] Kontakt [\/vc_column_text][\/vc_column][\/vc_row][\/vc_section][vc_section][vc_row][vc_column width=&#8220;1\/6&#8243;][\/vc_column][vc_column width=&#8220;2\/3&#8243;][vc_column_text css_animation=&#8220;fadeIn&#8220;] Haben Sie eine Frage oder ein Dokument zum \u00dcbersetzen? Als professionelle Diplom-\u00dcbersetzerin...\" \/>\n<meta property=\"og:url\" content=\"https:\/\/seidler-europe.de\/de\/get-in-touch\/\" \/>\n<meta property=\"og:site_name\" content=\"Anne-Sophie Seidler\" \/>\n<meta property=\"article:modified_time\" content=\"2021-06-18T09:22:20+00:00\" \/>\n<meta name=\"twitter:card\" content=\"summary_large_image\" \/>\n<meta name=\"twitter:label1\" content=\"Gesch\u00e4tzte Lesezeit\" \/>\n\t<meta name=\"twitter:data1\" content=\"1\u00a0Minute\" \/>\n<script type=\"application\/ld+json\" class=\"yoast-schema-graph\">{\"@context\":\"https:\/\/schema.org\",\"@graph\":[{\"@type\":\"WebPage\",\"@id\":\"https:\/\/seidler-europe.de\/de\/get-in-touch\/\",\"url\":\"https:\/\/seidler-europe.de\/de\/get-in-touch\/\",\"name\":\"Kontakt - Anne-Sophie Seidler\",\"isPartOf\":{\"@id\":\"https:\/\/seidler-europe.de\/#website\"},\"datePublished\":\"2018-12-20T17:25:11+00:00\",\"dateModified\":\"2021-06-18T09:22:20+00:00\",\"breadcrumb\":{\"@id\":\"https:\/\/seidler-europe.de\/de\/get-in-touch\/#breadcrumb\"},\"inLanguage\":\"de\",\"potentialAction\":[{\"@type\":\"ReadAction\",\"target\":[\"https:\/\/seidler-europe.de\/de\/get-in-touch\/\"]}]},{\"@type\":\"BreadcrumbList\",\"@id\":\"https:\/\/seidler-europe.de\/de\/get-in-touch\/#breadcrumb\",\"itemListElement\":[{\"@type\":\"ListItem\",\"position\":1,\"name\":\"Home\",\"item\":\"https:\/\/seidler-europe.de\/de\/\"},{\"@type\":\"ListItem\",\"position\":2,\"name\":\"Kontakt\"}]},{\"@type\":\"WebSite\",\"@id\":\"https:\/\/seidler-europe.de\/#website\",\"url\":\"https:\/\/seidler-europe.de\/\",\"name\":\"Anne-Sophie Seidler\",\"description\":\"Translation, transcreation and proofreading services. English and German into French.\",\"publisher\":{\"@id\":\"https:\/\/seidler-europe.de\/#\/schema\/person\/f7a75920aa8929c2f92502bd0e4380c1\"},\"potentialAction\":[{\"@type\":\"SearchAction\",\"target\":{\"@type\":\"EntryPoint\",\"urlTemplate\":\"https:\/\/seidler-europe.de\/?s={search_term_string}\"},\"query-input\":\"required name=search_term_string\"}],\"inLanguage\":\"de\"},{\"@type\":[\"Person\",\"Organization\"],\"@id\":\"https:\/\/seidler-europe.de\/#\/schema\/person\/f7a75920aa8929c2f92502bd0e4380c1\",\"name\":\"seidler-admin\",\"image\":{\"@type\":\"ImageObject\",\"inLanguage\":\"de\",\"@id\":\"https:\/\/seidler-europe.de\/#\/schema\/person\/image\/\",\"url\":\"https:\/\/secure.gravatar.com\/avatar\/9dd84bc02e795e7a26472caf94bfd321?s=96&d=mm&r=g\",\"contentUrl\":\"https:\/\/secure.gravatar.com\/avatar\/9dd84bc02e795e7a26472caf94bfd321?s=96&d=mm&r=g\",\"caption\":\"seidler-admin\"},\"logo\":{\"@id\":\"https:\/\/seidler-europe.de\/#\/schema\/person\/image\/\"}}]}<\/script>\n<!-- \/ Yoast SEO plugin. -->","yoast_head_json":{"title":"Kontakt - Anne-Sophie Seidler","robots":{"index":"index","follow":"follow","max-snippet":"max-snippet:-1","max-image-preview":"max-image-preview:large","max-video-preview":"max-video-preview:-1"},"canonical":"https:\/\/seidler-europe.de\/de\/get-in-touch\/","og_locale":"de_DE","og_type":"article","og_title":"Kontakt - Anne-Sophie Seidler","og_description":"[vc_section full_width=&#8220;stretch_row&#8220; content_placement=&#8220;middle&#8220; parallax=&#8220;content-moving&#8220; parallax_image=&#8220;2583&#8243;][vc_row][vc_column][vc_column_text] Kontakt [\/vc_column_text][\/vc_column][\/vc_row][\/vc_section][vc_section][vc_row][vc_column width=&#8220;1\/6&#8243;][\/vc_column][vc_column width=&#8220;2\/3&#8243;][vc_column_text css_animation=&#8220;fadeIn&#8220;] Haben Sie eine Frage oder ein Dokument zum \u00dcbersetzen? Als professionelle Diplom-\u00dcbersetzerin...","og_url":"https:\/\/seidler-europe.de\/de\/get-in-touch\/","og_site_name":"Anne-Sophie Seidler","article_modified_time":"2021-06-18T09:22:20+00:00","twitter_card":"summary_large_image","twitter_misc":{"Gesch\u00e4tzte Lesezeit":"1\u00a0Minute"},"schema":{"@context":"https:\/\/schema.org","@graph":[{"@type":"WebPage","@id":"https:\/\/seidler-europe.de\/de\/get-in-touch\/","url":"https:\/\/seidler-europe.de\/de\/get-in-touch\/","name":"Kontakt - Anne-Sophie Seidler","isPartOf":{"@id":"https:\/\/seidler-europe.de\/#website"},"datePublished":"2018-12-20T17:25:11+00:00","dateModified":"2021-06-18T09:22:20+00:00","breadcrumb":{"@id":"https:\/\/seidler-europe.de\/de\/get-in-touch\/#breadcrumb"},"inLanguage":"de","potentialAction":[{"@type":"ReadAction","target":["https:\/\/seidler-europe.de\/de\/get-in-touch\/"]}]},{"@type":"BreadcrumbList","@id":"https:\/\/seidler-europe.de\/de\/get-in-touch\/#breadcrumb","itemListElement":[{"@type":"ListItem","position":1,"name":"Home","item":"https:\/\/seidler-europe.de\/de\/"},{"@type":"ListItem","position":2,"name":"Kontakt"}]},{"@type":"WebSite","@id":"https:\/\/seidler-europe.de\/#website","url":"https:\/\/seidler-europe.de\/","name":"Anne-Sophie Seidler","description":"Translation, transcreation and proofreading services. English and German into French.","publisher":{"@id":"https:\/\/seidler-europe.de\/#\/schema\/person\/f7a75920aa8929c2f92502bd0e4380c1"},"potentialAction":[{"@type":"SearchAction","target":{"@type":"EntryPoint","urlTemplate":"https:\/\/seidler-europe.de\/?s={search_term_string}"},"query-input":"required name=search_term_string"}],"inLanguage":"de"},{"@type":["Person","Organization"],"@id":"https:\/\/seidler-europe.de\/#\/schema\/person\/f7a75920aa8929c2f92502bd0e4380c1","name":"seidler-admin","image":{"@type":"ImageObject","inLanguage":"de","@id":"https:\/\/seidler-europe.de\/#\/schema\/person\/image\/","url":"https:\/\/secure.gravatar.com\/avatar\/9dd84bc02e795e7a26472caf94bfd321?s=96&d=mm&r=g","contentUrl":"https:\/\/secure.gravatar.com\/avatar\/9dd84bc02e795e7a26472caf94bfd321?s=96&d=mm&r=g","caption":"seidler-admin"},"logo":{"@id":"https:\/\/seidler-europe.de\/#\/schema\/person\/image\/"}}]}},"_links":{"self":[{"href":"https:\/\/seidler-europe.de\/de\/wp-json\/wp\/v2\/pages\/2927"}],"collection":[{"href":"https:\/\/seidler-europe.de\/de\/wp-json\/wp\/v2\/pages"}],"about":[{"href":"https:\/\/seidler-europe.de\/de\/wp-json\/wp\/v2\/types\/page"}],"author":[{"embeddable":true,"href":"https:\/\/seidler-europe.de\/de\/wp-json\/wp\/v2\/users\/1"}],"replies":[{"embeddable":true,"href":"https:\/\/seidler-europe.de\/de\/wp-json\/wp\/v2\/comments?post=2927"}],"version-history":[{"count":11,"href":"https:\/\/seidler-europe.de\/de\/wp-json\/wp\/v2\/pages\/2927\/revisions"}],"predecessor-version":[{"id":3692,"href":"https:\/\/seidler-europe.de\/de\/wp-json\/wp\/v2\/pages\/2927\/revisions\/3692"}],"wp:attachment":[{"href":"https:\/\/seidler-europe.de\/de\/wp-json\/wp\/v2\/media?parent=2927"}],"curies":[{"name":"wp","href":"https:\/\/api.w.org\/{rel}","templated":true}]}}