{"id":2926,"date":"2018-12-20T17:24:53","date_gmt":"2018-12-20T17:24:53","guid":{"rendered":"http:\/\/seidler-europe.de\/?page_id=2926"},"modified":"2021-11-28T06:54:12","modified_gmt":"2021-11-28T13:54:12","slug":"about-me","status":"publish","type":"page","link":"https:\/\/seidler-europe.de\/de\/about-me\/","title":{"rendered":"\u00dcber mich"},"content":{"rendered":"<p>[vc_section full_width=&#8220;stretch_row&#8220; parallax=&#8220;content-moving&#8220; parallax_image=&#8220;2326&#8243; parallax_speed_bg=&#8220;2.5&#8243; css=&#8220;.vc_custom_1540462870293{padding-top: 120px !important;padding-bottom: 120px !important;}&#8220; el_class=&#8220;inverse-text&#8220;][vc_row][vc_column][vc_column_text]<\/p>\n<h1 class=\"section-title\" style=\"text-align: center; line-height: 1.5;\"><span style=\"color: #ffffff; background-color: rgba(0,0,0,0.7); display: inline; padding: 10px 20px;\">Anne-Sophie Seidler<\/span><\/h1>\n<p class=\"lead text-center mb-0\" style=\"text-align: center; line-height: 2;\"><span style=\"color: #ffffff; background-color: rgba(0,0,0,0.7); display: inline; padding: 10px 20px;\">Franz\u00f6sischer Vorname, deutscher Nachname, <\/span><\/p>\n<p class=\"lead text-center mb-0\" style=\"text-align: center; line-height: 2;\"><span style=\"color: #ffffff; background-color: rgba(0,0,0,0.7); display: inline; padding: 10px 20px;\">3 Jahre in Colorado &#8230;<\/span><\/p>\n<p class=\"lead text-center mb-0\" style=\"text-align: center; line-height: 2;\"><span style=\"color: #ffffff; background-color: rgba(0,0,0,0.7); display: inline; padding: 10px 20px;\">Diese drei Details sagen mehr \u00fcber mich als eine lange Biographie!<\/span><\/p>\n<p>[\/vc_column_text][\/vc_column][\/vc_row][\/vc_section][vc_section][vc_row content_placement=&#8220;middle&#8220; css_animation=&#8220;none&#8220;][vc_column width=&#8220;1\/2&#8243;][vc_single_image image=&#8220;2256&#8243; img_size=&#8220;full&#8220; alignment=&#8220;center&#8220; css_animation=&#8220;fadeIn&#8220;][\/vc_column][vc_column width=&#8220;5\/12&#8243;][vc_column_text css_animation=&#8220;fadeInRight&#8220;]<\/p>\n<p style=\"text-align: center; font-size: 16px;\">20 Jahre Frankreich, 22 Jahre Deutschland, 3 Jahre Amerika \u2013 in diesen drei Kulturen verbringe ich meinen (Arbeits-)Alltag. Nat\u00fcrlich habe ich mir das Beste aus diesen drei L\u00e4ndern herausgepickt: Humor und Gelassenheit aus Frankreich, die deutsche Arbeitsethik und Zuverl\u00e4ssigkeit und von Amerika die Geselligkeit und den Gemeinschaftssinn.<\/p>\n<p style=\"text-align: center; font-size: 16px;\">Durch meine N\u00e4he und Affinit\u00e4t zu diesen drei L\u00e4ndern sch\u00e4tzen meine Kunden die Authentizit\u00e4t und die kulturspezifische Genauigkeit meiner \u00dcbersetzungen. Wenn wir zusammen arbeiten, k\u00f6nnen Sie sicher sein, dass das Endprodukt perfekt an Ihre Zielkultur und Zielgruppe angepasst ist.<\/p>\n<p>[\/vc_column_text][\/vc_column][\/vc_row][\/vc_section][vc_row full_width=&#8220;stretch_row&#8220; parallax=&#8220;content-moving-fade&#8220; parallax_speed_bg=&#8220;2.5&#8243; css=&#8220;.vc_custom_1552296571771{padding-top: 120px !important;padding-bottom: 120px !important;background-image: url(https:\/\/seidler-europe.de\/wp-content\/uploads\/2018\/10\/bg-12.jpg?id=2815) !important;background-position: center;background-repeat: no-repeat !important;background-size: cover !important;}&#8220;][vc_column][vc_column_text]<\/p>\n<p style=\"text-align: center;\"><span style=\"color: #ffffff; background-color: rgba(0,0,0,0.7); display: inline; padding: 10px 20px;\">Mein Motto?<\/span><\/p>\n<h2 class=\"section-title text-center font-anke\" style=\"text-align: center;\"><span style=\"color: #ffffff; background-color: rgba(0,0,0,0.7); display: inline; padding: 10px 20px;\">Die beste \u00dcbersetzung ist die, die Sie nicht bemerken<\/span><\/h2>\n<p>[\/vc_column_text][\/vc_column][\/vc_row][vc_row full_width=&#8220;stretch_row&#8220; css=&#8220;.vc_custom_1540463559181{padding-top: 60px !important;padding-bottom: 80px !important;background-color: #eeeff0 !important;}&#8220;][vc_column][vc_column_text el_class=&#8220;font-anke&#8220;]<\/p>\n<h2 style=\"text-align: center;\"><strong>M\u00f6chten Sie mehr \u00fcber mich erfahren?<\/strong><\/h2>\n<p>[\/vc_column_text][vc_empty_space][vc_row_inner][vc_column_inner width=&#8220;1\/2&#8243;]\n\t\t\t<div class=\"icon-center\">\n\t\t\t\t<span class=\"icon text-gradient icon-m mb-5\"><i class=\"si-design_pen-tool-3\"><\/i><\/span>\n\t\t\t\t\n\t\t\t<\/div>\n\t\t[vc_column_text css_animation=&#8220;fadeInLeft&#8220;]<\/p>\n<p class=\"lead\" style=\"text-align: center;\"><strong>Meine Karriere<\/strong><\/p>\n<ul>\n<li>Vordiplom in Angewandten Fremdsprachen an der Pariser Sorbonne Universit\u00e4t (DEUG in Langues \u00c9trang\u00e8res Appliqu\u00e9es) 1995-1997<\/li>\n<li>F\u00fcnf Jahre Kultur- und Sprachwissenschaftliches Studium mit Abschluss als Diplom-\u00dcbersetzerin am Institut f\u00fcr \u00dcbersetzen und Dolmetschen der Universit\u00e4t Heidelberg und an der Universit\u00e4t Mainz in Germersheim, 2002<\/li>\n<li>Freiberufliche \u00dcbersetzerin seit 2002<\/li>\n<li>Lehrbeauftragte am Institut f\u00fcr \u00dcbersetzen und Dolmetschen der Universit\u00e4t Heidelberg, 2007-2010<\/li>\n<li>Franz\u00f6sischlehrerin in der Jugend- und Erwachsenenbildung bei der VHS Heidelberg, der VHS Lindau und an der Freien Schule Allg\u00e4u in Wangen, 2005-2016<\/li>\n<li>Dreisprachige Museumf\u00fchrerin im Vorarlberg Museum in Bregenz, \u00d6sterreich, 2012-2017<\/li>\n<li>3-J\u00e4hriger Aufenthalt in den USA in Louisville, Colorado, 2017-2020<\/li>\n<li>Juni 2020: R\u00fcckkher nach Lindau, Deutschland<\/li>\n<\/ul>\n<p>[\/vc_column_text][\/vc_column_inner][vc_column_inner width=&#8220;1\/2&#8243;]\n\t\t\t<div class=\"icon-center\">\n\t\t\t\t<span class=\"icon text-gradient icon-m mb-5\"><i class=\"si-finance_finance-target-2\"><\/i><\/span>\n\t\t\t\t\n\t\t\t<\/div>\n\t\t[vc_column_text css_animation=&#8220;fadeInRight&#8220;]<\/p>\n<p class=\"lead\" style=\"text-align: center;\"><strong>Mein Ziel<\/strong><\/p>\n<p>Sprachen und Kultur zu vermitteln war immer der rote Faden \u2013 in meinem professionellen und in meinem Privatleben. Ich m\u00f6chte mit meinen \u00dcbersetzungen Br\u00fccken f\u00fcr ein besseres Verst\u00e4ndnis zwischen den Menschen bauen.<\/p>\n<p>M\u00f6chten Sie ein Handbuch f\u00fcr eine Computer-Software oder eine N\u00e4hmaschine \u00fcbersetzen lassen? Dann fragen Sie bitte meine Kollegen. Bei mir sind Sie richtig, wenn Sie Texte ben\u00f6tigen, die den Leser ber\u00fchren (<a href=\"\/services-and-rates\/\" target=\"_blank\" rel=\"noopener\">Transkreation<\/a>) oder Ihnen mehr Kunden bringen sollen (Marketing \u00dcbersetzung).[\/vc_column_text][\/vc_column_inner][\/vc_row_inner][\/vc_column][\/vc_row][vc_row full_width=&#8220;stretch_row&#8220; css=&#8220;.vc_custom_1540463489357{padding-top: 50px !important;padding-bottom: 50px !important;background-color: #b771ba !important;}&#8220;][vc_column width=&#8220;1\/2&#8243;][vc_column_text]<\/p>\n<p style=\"text-align: center;\"><span style=\"color: #ffffff; font-size: 30px;\">Interessiert?<\/span><\/p>\n<p>[\/vc_column_text][\/vc_column][vc_column width=&#8220;1\/2&#8243;][vc_btn title=&#8220;Kontakt&#8220; style=&#8220;outline&#8220; size=&#8220;lg&#8220; align=&#8220;center&#8220; css_animation=&#8220;zoomIn&#8220; link=&#8220;url:https%3A%2F%2Fseidler-europe.de%2Fde%2Fget-in-touch%2F|title:Kontakt||&#8220;][\/vc_column][\/vc_row]<\/p>\n<div class=\"clearfix\"><\/div>","protected":false},"excerpt":{"rendered":"<p>[vc_section full_width=&#8220;stretch_row&#8220; parallax=&#8220;content-moving&#8220; parallax_image=&#8220;2326&#8243; parallax_speed_bg=&#8220;2.5&#8243; css=&#8220;.vc_custom_1540462870293{padding-top: 120px !important;padding-bottom: 120px !important;}&#8220; el_class=&#8220;inverse-text&#8220;][vc_row][vc_column][vc_column_text] Anne-Sophie Seidler Franz\u00f6sischer Vorname, deutscher Nachname, 3 Jahre in Colorado &#8230;&#8230;<\/p>\n","protected":false},"author":1,"featured_media":0,"parent":0,"menu_order":0,"comment_status":"closed","ping_status":"closed","template":"","meta":{"om_disable_all_campaigns":false,"_monsterinsights_skip_tracking":false,"_monsterinsights_sitenote_active":false,"_monsterinsights_sitenote_note":"","_monsterinsights_sitenote_category":0},"yoast_head":"<!-- This site is optimized with the Yoast SEO plugin v19.14 - https:\/\/yoast.com\/wordpress\/plugins\/seo\/ -->\n<title>Marketing \u00dcbersetzung Englisch Franz\u00f6sisch - Anne-Sophie Seidler<\/title>\n<meta name=\"description\" content=\"Brauchen Sie eine Marketing \u00dcbersetzung aus dem Deutschen oder Englischen ins Franz\u00f6sische? Dann sind Sie richtig bei mir!\" \/>\n<meta name=\"robots\" content=\"index, follow, max-snippet:-1, max-image-preview:large, max-video-preview:-1\" \/>\n<link rel=\"canonical\" href=\"https:\/\/seidler-europe.de\/de\/about-me\/\" \/>\n<meta property=\"og:locale\" content=\"de_DE\" \/>\n<meta property=\"og:type\" content=\"article\" \/>\n<meta property=\"og:title\" content=\"Marketing \u00dcbersetzung Englisch Franz\u00f6sisch - Anne-Sophie Seidler\" \/>\n<meta property=\"og:description\" content=\"Brauchen Sie eine Marketing \u00dcbersetzung aus dem Deutschen oder Englischen ins Franz\u00f6sische? Dann sind Sie richtig bei mir!\" \/>\n<meta property=\"og:url\" content=\"https:\/\/seidler-europe.de\/de\/about-me\/\" \/>\n<meta property=\"og:site_name\" content=\"Anne-Sophie Seidler\" \/>\n<meta property=\"article:modified_time\" content=\"2021-11-28T13:54:12+00:00\" \/>\n<meta name=\"twitter:card\" content=\"summary_large_image\" \/>\n<meta name=\"twitter:label1\" content=\"Gesch\u00e4tzte Lesezeit\" \/>\n\t<meta name=\"twitter:data1\" content=\"2\u00a0Minuten\" \/>\n<script type=\"application\/ld+json\" class=\"yoast-schema-graph\">{\"@context\":\"https:\/\/schema.org\",\"@graph\":[{\"@type\":\"WebPage\",\"@id\":\"https:\/\/seidler-europe.de\/de\/about-me\/\",\"url\":\"https:\/\/seidler-europe.de\/de\/about-me\/\",\"name\":\"Marketing \u00dcbersetzung Englisch Franz\u00f6sisch - Anne-Sophie Seidler\",\"isPartOf\":{\"@id\":\"https:\/\/seidler-europe.de\/#website\"},\"datePublished\":\"2018-12-20T17:24:53+00:00\",\"dateModified\":\"2021-11-28T13:54:12+00:00\",\"description\":\"Brauchen Sie eine Marketing \u00dcbersetzung aus dem Deutschen oder Englischen ins Franz\u00f6sische? Dann sind Sie richtig bei mir!\",\"breadcrumb\":{\"@id\":\"https:\/\/seidler-europe.de\/de\/about-me\/#breadcrumb\"},\"inLanguage\":\"de\",\"potentialAction\":[{\"@type\":\"ReadAction\",\"target\":[\"https:\/\/seidler-europe.de\/de\/about-me\/\"]}]},{\"@type\":\"BreadcrumbList\",\"@id\":\"https:\/\/seidler-europe.de\/de\/about-me\/#breadcrumb\",\"itemListElement\":[{\"@type\":\"ListItem\",\"position\":1,\"name\":\"Home\",\"item\":\"https:\/\/seidler-europe.de\/de\/\"},{\"@type\":\"ListItem\",\"position\":2,\"name\":\"\u00dcber mich\"}]},{\"@type\":\"WebSite\",\"@id\":\"https:\/\/seidler-europe.de\/#website\",\"url\":\"https:\/\/seidler-europe.de\/\",\"name\":\"Anne-Sophie Seidler\",\"description\":\"Translation, transcreation and proofreading services. English and German into French.\",\"publisher\":{\"@id\":\"https:\/\/seidler-europe.de\/#\/schema\/person\/f7a75920aa8929c2f92502bd0e4380c1\"},\"potentialAction\":[{\"@type\":\"SearchAction\",\"target\":{\"@type\":\"EntryPoint\",\"urlTemplate\":\"https:\/\/seidler-europe.de\/?s={search_term_string}\"},\"query-input\":\"required name=search_term_string\"}],\"inLanguage\":\"de\"},{\"@type\":[\"Person\",\"Organization\"],\"@id\":\"https:\/\/seidler-europe.de\/#\/schema\/person\/f7a75920aa8929c2f92502bd0e4380c1\",\"name\":\"seidler-admin\",\"image\":{\"@type\":\"ImageObject\",\"inLanguage\":\"de\",\"@id\":\"https:\/\/seidler-europe.de\/#\/schema\/person\/image\/\",\"url\":\"https:\/\/secure.gravatar.com\/avatar\/9dd84bc02e795e7a26472caf94bfd321?s=96&d=mm&r=g\",\"contentUrl\":\"https:\/\/secure.gravatar.com\/avatar\/9dd84bc02e795e7a26472caf94bfd321?s=96&d=mm&r=g\",\"caption\":\"seidler-admin\"},\"logo\":{\"@id\":\"https:\/\/seidler-europe.de\/#\/schema\/person\/image\/\"}}]}<\/script>\n<!-- \/ Yoast SEO plugin. -->","yoast_head_json":{"title":"Marketing \u00dcbersetzung Englisch Franz\u00f6sisch - Anne-Sophie Seidler","description":"Brauchen Sie eine Marketing \u00dcbersetzung aus dem Deutschen oder Englischen ins Franz\u00f6sische? Dann sind Sie richtig bei mir!","robots":{"index":"index","follow":"follow","max-snippet":"max-snippet:-1","max-image-preview":"max-image-preview:large","max-video-preview":"max-video-preview:-1"},"canonical":"https:\/\/seidler-europe.de\/de\/about-me\/","og_locale":"de_DE","og_type":"article","og_title":"Marketing \u00dcbersetzung Englisch Franz\u00f6sisch - Anne-Sophie Seidler","og_description":"Brauchen Sie eine Marketing \u00dcbersetzung aus dem Deutschen oder Englischen ins Franz\u00f6sische? Dann sind Sie richtig bei mir!","og_url":"https:\/\/seidler-europe.de\/de\/about-me\/","og_site_name":"Anne-Sophie Seidler","article_modified_time":"2021-11-28T13:54:12+00:00","twitter_card":"summary_large_image","twitter_misc":{"Gesch\u00e4tzte Lesezeit":"2\u00a0Minuten"},"schema":{"@context":"https:\/\/schema.org","@graph":[{"@type":"WebPage","@id":"https:\/\/seidler-europe.de\/de\/about-me\/","url":"https:\/\/seidler-europe.de\/de\/about-me\/","name":"Marketing \u00dcbersetzung Englisch Franz\u00f6sisch - Anne-Sophie Seidler","isPartOf":{"@id":"https:\/\/seidler-europe.de\/#website"},"datePublished":"2018-12-20T17:24:53+00:00","dateModified":"2021-11-28T13:54:12+00:00","description":"Brauchen Sie eine Marketing \u00dcbersetzung aus dem Deutschen oder Englischen ins Franz\u00f6sische? Dann sind Sie richtig bei mir!","breadcrumb":{"@id":"https:\/\/seidler-europe.de\/de\/about-me\/#breadcrumb"},"inLanguage":"de","potentialAction":[{"@type":"ReadAction","target":["https:\/\/seidler-europe.de\/de\/about-me\/"]}]},{"@type":"BreadcrumbList","@id":"https:\/\/seidler-europe.de\/de\/about-me\/#breadcrumb","itemListElement":[{"@type":"ListItem","position":1,"name":"Home","item":"https:\/\/seidler-europe.de\/de\/"},{"@type":"ListItem","position":2,"name":"\u00dcber mich"}]},{"@type":"WebSite","@id":"https:\/\/seidler-europe.de\/#website","url":"https:\/\/seidler-europe.de\/","name":"Anne-Sophie Seidler","description":"Translation, transcreation and proofreading services. English and German into French.","publisher":{"@id":"https:\/\/seidler-europe.de\/#\/schema\/person\/f7a75920aa8929c2f92502bd0e4380c1"},"potentialAction":[{"@type":"SearchAction","target":{"@type":"EntryPoint","urlTemplate":"https:\/\/seidler-europe.de\/?s={search_term_string}"},"query-input":"required name=search_term_string"}],"inLanguage":"de"},{"@type":["Person","Organization"],"@id":"https:\/\/seidler-europe.de\/#\/schema\/person\/f7a75920aa8929c2f92502bd0e4380c1","name":"seidler-admin","image":{"@type":"ImageObject","inLanguage":"de","@id":"https:\/\/seidler-europe.de\/#\/schema\/person\/image\/","url":"https:\/\/secure.gravatar.com\/avatar\/9dd84bc02e795e7a26472caf94bfd321?s=96&d=mm&r=g","contentUrl":"https:\/\/secure.gravatar.com\/avatar\/9dd84bc02e795e7a26472caf94bfd321?s=96&d=mm&r=g","caption":"seidler-admin"},"logo":{"@id":"https:\/\/seidler-europe.de\/#\/schema\/person\/image\/"}}]}},"_links":{"self":[{"href":"https:\/\/seidler-europe.de\/de\/wp-json\/wp\/v2\/pages\/2926"}],"collection":[{"href":"https:\/\/seidler-europe.de\/de\/wp-json\/wp\/v2\/pages"}],"about":[{"href":"https:\/\/seidler-europe.de\/de\/wp-json\/wp\/v2\/types\/page"}],"author":[{"embeddable":true,"href":"https:\/\/seidler-europe.de\/de\/wp-json\/wp\/v2\/users\/1"}],"replies":[{"embeddable":true,"href":"https:\/\/seidler-europe.de\/de\/wp-json\/wp\/v2\/comments?post=2926"}],"version-history":[{"count":23,"href":"https:\/\/seidler-europe.de\/de\/wp-json\/wp\/v2\/pages\/2926\/revisions"}],"predecessor-version":[{"id":3703,"href":"https:\/\/seidler-europe.de\/de\/wp-json\/wp\/v2\/pages\/2926\/revisions\/3703"}],"wp:attachment":[{"href":"https:\/\/seidler-europe.de\/de\/wp-json\/wp\/v2\/media?parent=2926"}],"curies":[{"name":"wp","href":"https:\/\/api.w.org\/{rel}","templated":true}]}}