{"id":2925,"date":"2018-12-20T17:25:04","date_gmt":"2018-12-20T17:25:04","guid":{"rendered":"http:\/\/seidler-europe.de\/?page_id=2925"},"modified":"2023-01-21T20:08:38","modified_gmt":"2023-01-21T19:08:38","slug":"general-terms-and-conditions","status":"publish","type":"page","link":"https:\/\/seidler-europe.de\/de\/general-terms-and-conditions\/","title":{"rendered":"Impressum &#038; AGB"},"content":{"rendered":"<p>[vc_row][vc_column][vc_empty_space height=&#8220;50px&#8220;][vc_column_text]<\/p>\n<header class=\"entry-header\">\n<h1 class=\"entry-title\">Impressum<\/h1>\n<p>Angaben gem\u00e4\u00df \u00a7 5 TMG<\/p>\n<p><strong>Anne-Sophie Seidler<\/strong><br \/>\nReutiner Str. 73a<br \/>\n88131 Lindau<br \/>\nDeutschland<\/p>\n<p><strong>Kontakt:<\/strong><br \/>\nTelefon: +49 1794711654<br \/>\nE-Mail: <a href=\"mailto:a.sophie[a]seidler-europe.de\">a.sophie[a]seidler-europe.de<\/a><\/p>\n<p><strong>Aufsichtsbeh\u00f6rde:<\/strong><br \/>\nAmtsgericht Lindau, Bayern<\/p>\n<p><strong>Haftungsausschluss: <\/strong><\/p>\n<p><strong>Haftung f\u00fcr Links<\/strong><\/p>\n<p>Unser Angebot enth\u00e4lt Links zu externen Webseiten Dritter, auf deren Inhalte wir keinen Einfluss haben. Deshalb k\u00f6nnen wir f\u00fcr diese fremden Inhalte auch keine Gew\u00e4hr \u00fcbernehmen. F\u00fcr die Inhalte der verlinkten Seiten ist stets der jeweilige Anbieter oder Betreiber der Seiten verantwortlich. Die verlinkten Seiten wurden zum Zeitpunkt der Verlinkung auf m\u00f6gliche Rechtsverst\u00f6\u00dfe \u00fcberpr\u00fcft. Rechtswidrige Inhalte waren zum Zeitpunkt der Verlinkung nicht erkennbar. Eine permanente inhaltliche Kontrolle der verlinkten Seiten ist jedoch ohne konkrete Anhaltspunkte einer Rechtsverletzung nicht zumutbar. Bei Bekanntwerden von Rechtsverletzungen werden wir derartige Links umgehend entfernen.<\/p>\n<p>&nbsp;<\/p>\n<header class=\"entry-header\">\n<h1 class=\"entry-title\">AGB<\/h1>\n<p>&nbsp;<\/p>\n<\/header>\n<div class=\"entry-content clearfix\">\n<ol start=\"1\" type=\"1\">\n<li><strong>Allgemeines \u2013 Geltungsbereich<\/strong><\/li>\n<\/ol>\n<p>Diese Gesch\u00e4ftsbedingungen gelten f\u00fcr Vertr\u00e4ge zwischen der Auftragnehmerin, Anne-Sophie Seidler (der &#8222;\u00dcbersetzerin&#8220;), und dem Auftraggeber (auch der &#8222;Kunde&#8220; genannt), soweit nicht ausdr\u00fccklich etwas anderes vereinbart ist. Diese AGB gelten im Rahmen einer laufenden Gesch\u00e4ftsbeziehung auch ohne ausdr\u00fcckliche Einbeziehung f\u00fcr alle zuk\u00fcnftigen Auftr\u00e4ge, Angebote, Lieferungen und Leistungen. <strong>Bei der Erteilung des Auftrags stimmt der Kunde ohne Vorbehalt den gesamten AGB zu.<\/strong><\/p>\n<p>&nbsp;<\/p>\n<ol start=\"2\" type=\"1\">\n<li><strong>Angebot \u2013 Auftragserteilung<\/strong><\/li>\n<\/ol>\n<p>(1) Die Angebote sind freibleibend und verpflichten nicht zur Auftragsannahme. <strong>Eine Anfrage seitens des Kundens bedeutet keine Auftragsbest\u00e4tigung.<\/strong> S\u00e4mtliche schriftlich oder m\u00fcndlich erteilten Auftr\u00e4ge bed\u00fcrfen einer schriftlichen Best\u00e4tigung.<\/p>\n<p>(2) <strong>Die Auftragserteilung durch den Kunden erfolgt in elektronischer oder sonstiger schriftlicher Form<\/strong>.<\/p>\n<p>(3) Als Auftragsbest\u00e4tigung stimmt der Kunde zu, eine <strong>Best\u00e4tigung in Form eines Faxes, einer E-mail, einer Kopie oder einer Computerdatei<\/strong> als gleichwertigen Nachweis anzusehen.<\/p>\n<p>&nbsp;<\/p>\n<ol start=\"3\" type=\"1\">\n<li><strong>Mitwirkungspflicht des Auftraggebers<\/strong><\/li>\n<\/ol>\n<p>(1)<strong> Informationen und Unterlagen, die zur Erstellung der \u00dcbersetzung notwendig sind, stellt der Auftraggeber<\/strong> der \u00dcbersetzerin bei Erteilung des Auftrags zur Verf\u00fcgung (Terminologie des Auftraggebers, interne Begriffe, fr\u00fchere \u00dcbersetzungen in der gleichen Angelegenheit, Abk\u00fcrzungen, etc.).<\/p>\n<p>(2) <strong>Die \u00dcbersetzerin \u00fcbernimmt keine Haftung f\u00fcr Fehler, Inkoh\u00e4renzen oder Unklarheiten im Quelltext,<\/strong> da die Pr\u00fcfung der technischen Richtigkeit des Originaltextes in der Verantwortung des Auftraggebers liegt. Fehler und Verz\u00f6gerungen, die sich aus der mangelnden oder verz\u00f6gerten Lieferung von Informationsmaterial und Anweisungen seitens des Auftragsgebers ergeben, gehen nicht zu Lasten der \u00dcbersetzerin.<\/p>\n<p>(3) <strong>Der Auftraggeber \u00fcbernimmt die Haftung f\u00fcr die Rechte an einem Text<\/strong> und stellt sicher, dass eine \u00dcbersetzung angefertigt werden darf. Er muss also entweder selber der Autor des Textes sein oder im Vorfeld eine schritliche Genehmigung vom Urheber des Textes erhalten haben. Sollten diese Bedingungen vom Kunden nicht erf\u00fcllt sein, \u00fcbernimmt die \u00dcbersetzerin keine Haftung wenn ein Teil oder der gesamte zu \u00fcbersetzende Text gegen die Rechte Dritter oder gegen Urheberrechte st\u00f6\u00dft. Sollte es der Fall sein, ist der Kunde allein verantwortlich f\u00fcr die Sch\u00e4den bzw. finanziellen Konsequenzen, die seine Fahrl\u00e4ssigkeit verursacht hat.<\/p>\n<p>(4) R\u00fcgt der Auftraggeber einen in der \u00dcbersetzung objektiv vorhandenen, nicht unerheblichen Mangel, hat<strong> der Auftraggeber Anspruch auf Beseitigung der in der \u00dcbersetzung enthaltenen M\u00e4ngel durch die \u00dcbersetzerin<\/strong>. Der Anspruch auf M\u00e4ngelbeseitigung muss vom Auftraggeber unter genauer Angabe des Mangels der \u00dcbersetzerin gegen\u00fcber schriftlich und innerhalb 10 Tagen geltend gemacht werden. F\u00fcr die Nacharbeit ist der \u00dcbersetzerin vom Auftraggeber eine angemessene Frist einzur\u00e4umen. Nach dieser Frist gilt die \u00dcbersetzung als genehmigt. Der Auftraggeber verzichtet in diesem Fall auf s\u00e4mtliche Anspr\u00fcche, die ihm wegen eventueller M\u00e4ngel der \u00dcbersetzung zustehen k\u00f6nnten.<\/p>\n<p>&nbsp;<\/p>\n<ol start=\"4\" type=\"1\">\n<li><strong>Urheberrecht <\/strong><\/li>\n<\/ol>\n<p>(1) Gem\u00e4\u00df Urhebergesetzes genie\u00dfen \u00dcbersetzungen urheberrechtlichen Schutz, sodass der<strong> \u00dcbersetzerin neben dem Autor ein eigenes Urheberrcht an dem \u00fcbersetzten Werk zusteht<\/strong>.<\/p>\n<p>(2)<strong> Bei \u00dcbersetzungen, die in Form eines Buches oder eines k\u00fcnstlerischen Werkes<\/strong> ver\u00f6ffentlicht werden, ist <strong>der Name der \u00dcbersetzerin auf jedem Exemplar bzw. Publikation stets zu nennen<\/strong>.<\/p>\n<p>&nbsp;<\/p>\n<ol start=\"5\" type=\"1\">\n<li><strong>Haftung <\/strong><\/li>\n<\/ol>\n<p>(1) <strong>Die \u00dcbersetzerin haftet bei grober Fahrl\u00e4ssigkeit und Vorsatz.<\/strong> Nicht als grobe Fahrl\u00e4ssigkeit einzustufen sind Sch\u00e4den, die durch Computerausf\u00e4lle und \u00dcbertragungsst\u00f6rungen bei E-Mail-Versendung oder durch Viren verursacht worden sind. Die \u00dcbersetzerin trifft durch Anti-Virus-Software hiergegen Vorkehrungen. Die Haftung bei leichter Fahrl\u00e4ssigkeit gilt ausschlie\u00dflich im Falle der Verletzung von Hauptpflichten.<\/p>\n<p>(2) <strong>Der Auftraggeber \u00fcbernimmt im vollen Umfang die Haftung bei Verletzung des Urheberrechtes<\/strong> aufgrund einer \u00dcbersetzung oder bei Schadensersatzanspr\u00fcchen Dritter.<\/p>\n<p>(3) <strong>Es besteht keine Haftung f\u00fcr \u00dcbersetzungsfehler, die vom Auftraggeber<\/strong> durch unvollst\u00e4ndige, unrichtige oder nicht rechtzeitig zur Verf\u00fcgung gestellte Informationen und\/oder Unterlagen oder durch fehlerhafte, unleserliche oder nicht vollst\u00e4ndige Ausgangstexte <strong>verursacht wurden<\/strong>.<\/p>\n<p>(4) <strong>Die Haftung kann<\/strong> <strong>die im Werkvertrag vereinbarte Verg\u00fctung<\/strong> bzw. den konkreten Betrag der in Rechnung gestellten \u00dcbersetzungsleistung <strong>nicht \u00fcbersteigen.<\/strong><\/p>\n<p>(5) <strong>Eine Haftung der \u00dcbersetzerin f\u00fcr Besch\u00e4digung bzw. Verlust der vom Auftraggeber \u00fcbergebenen Materialien ist ausgeschlossen<\/strong>. Der Auftraggeber hat f\u00fcr eine ausreichende Sicherung seiner Daten zu sorgen.<\/p>\n<p>&nbsp;<\/p>\n<ol start=\"6\" type=\"1\">\n<li><strong>Vertraulichkeit <\/strong><\/li>\n<\/ol>\n<p>(1) <strong>Die \u00dcbersetzerin verpflichtet sich, Stillschweigen \u00fcber alle Tatsachen zu bewahren<\/strong>, die ihr im Zusammenhang mit ihrer T\u00e4tigkeit f\u00fcr den Auftraggeber bekannt werden. Auf Wunsch k\u00f6nnen Originaldokumente an den Kunden zur\u00fcckgeschickt werden.<\/p>\n<p>(2) <strong>Eine Haftung der \u00dcbersetzerin ist ausgeschlossen, wenn Informationen bei der Daten\u00fcbertragung, z. B. im Internet, von Dritten abgefangen bzw. genutzt werden.<\/strong> Daher liegt die Verantwortung beim Kunden vor oder bei Auftragserteilung die \u00dcbersetzerin \u00fcber die bevorzugten Daten\u00fcbertragungsmittel zu informieren, um die Vertraulichkeit von sensiblen Informationen zu gew\u00e4hrleisten.<\/p>\n<p>&nbsp;<\/p>\n<ol start=\"7\" type=\"1\">\n<li><strong>Verg\u00fctung<\/strong><\/li>\n<\/ol>\n<p>(1) Wenn nichts anderes vereinbart, sind die Rechnungen der \u00dcbersetzerin ohne Abzug <strong>innerhalb von 30 Tagen nach dem Rechnungsdatum f\u00e4llig und zahlbar.<\/strong><\/p>\n<p>(2) <strong>Alle Preise verstehen sich netto und sind Endpreise.<\/strong> Gem\u00e4\u00df des Kleinunternehmerregelung des deutschen Steuergesetzes wird f\u00fcr diese Art von Leistungen keine Umsatzsteuer erhoben.<\/p>\n<p>(3) Die \u00dcbersetzerin kann bei umfangreichen \u00dcbersetzungen einen <strong>angemessenen Vorschuss verlangen<\/strong>.<\/p>\n<p>&nbsp;<\/p>\n<p><strong>Stand: <\/strong>21.01.2023<\/p>\n<\/div>\n<\/header>\n<p>[\/vc_column_text][\/vc_column][vc_column][vc_empty_space height=&#8220;50px&#8220;][\/vc_column][\/vc_row]<\/p>\n<div class=\"clearfix\"><\/div>","protected":false},"excerpt":{"rendered":"<p>[vc_row][vc_column][vc_empty_space height=&#8220;50px&#8220;][vc_column_text] Impressum Angaben gem\u00e4\u00df \u00a7 5 TMG Anne-Sophie Seidler Reutiner Str. 73a 88131 Lindau Deutschland Kontakt: Telefon: +49 1794711654 E-Mail: a.sophie[a]seidler-europe.de&#8230;<\/p>\n","protected":false},"author":1,"featured_media":0,"parent":0,"menu_order":0,"comment_status":"closed","ping_status":"closed","template":"","meta":{"om_disable_all_campaigns":false,"_monsterinsights_skip_tracking":false,"_monsterinsights_sitenote_active":false,"_monsterinsights_sitenote_note":"","_monsterinsights_sitenote_category":0},"yoast_head":"<!-- This site is optimized with the Yoast SEO plugin v19.14 - https:\/\/yoast.com\/wordpress\/plugins\/seo\/ -->\n<title>\u00dcbersetzungen Deutsch-Franz\u00f6sisch - Transkreation<\/title>\n<meta name=\"description\" content=\"Ich biete \u00dcbersetzungen Deutsch-Franz\u00f6sisch, Englisch-Franz\u00f6sisch an. Websites, Online-Shops, Marketing, Kreativwirtschaft, Tourismus, Multimedia.\" \/>\n<meta name=\"robots\" content=\"index, follow, max-snippet:-1, max-image-preview:large, max-video-preview:-1\" \/>\n<link rel=\"canonical\" href=\"https:\/\/seidler-europe.de\/de\/general-terms-and-conditions\/\" \/>\n<meta property=\"og:locale\" content=\"de_DE\" \/>\n<meta property=\"og:type\" content=\"article\" \/>\n<meta property=\"og:title\" content=\"\u00dcbersetzungen Deutsch-Franz\u00f6sisch - Transkreation\" \/>\n<meta property=\"og:description\" content=\"Ich biete \u00dcbersetzungen Deutsch-Franz\u00f6sisch, Englisch-Franz\u00f6sisch an. Websites, Online-Shops, Marketing, Kreativwirtschaft, Tourismus, Multimedia.\" \/>\n<meta property=\"og:url\" content=\"https:\/\/seidler-europe.de\/de\/general-terms-and-conditions\/\" \/>\n<meta property=\"og:site_name\" content=\"Anne-Sophie Seidler\" \/>\n<meta property=\"article:modified_time\" content=\"2023-01-21T19:08:38+00:00\" \/>\n<meta name=\"twitter:card\" content=\"summary_large_image\" \/>\n<meta name=\"twitter:label1\" content=\"Gesch\u00e4tzte Lesezeit\" \/>\n\t<meta name=\"twitter:data1\" content=\"4\u00a0Minuten\" \/>\n<script type=\"application\/ld+json\" class=\"yoast-schema-graph\">{\"@context\":\"https:\/\/schema.org\",\"@graph\":[{\"@type\":\"WebPage\",\"@id\":\"https:\/\/seidler-europe.de\/de\/general-terms-and-conditions\/\",\"url\":\"https:\/\/seidler-europe.de\/de\/general-terms-and-conditions\/\",\"name\":\"\u00dcbersetzungen Deutsch-Franz\u00f6sisch - Transkreation\",\"isPartOf\":{\"@id\":\"https:\/\/seidler-europe.de\/#website\"},\"datePublished\":\"2018-12-20T17:25:04+00:00\",\"dateModified\":\"2023-01-21T19:08:38+00:00\",\"description\":\"Ich biete \u00dcbersetzungen Deutsch-Franz\u00f6sisch, Englisch-Franz\u00f6sisch an. Websites, Online-Shops, Marketing, Kreativwirtschaft, Tourismus, Multimedia.\",\"breadcrumb\":{\"@id\":\"https:\/\/seidler-europe.de\/de\/general-terms-and-conditions\/#breadcrumb\"},\"inLanguage\":\"de\",\"potentialAction\":[{\"@type\":\"ReadAction\",\"target\":[\"https:\/\/seidler-europe.de\/de\/general-terms-and-conditions\/\"]}]},{\"@type\":\"BreadcrumbList\",\"@id\":\"https:\/\/seidler-europe.de\/de\/general-terms-and-conditions\/#breadcrumb\",\"itemListElement\":[{\"@type\":\"ListItem\",\"position\":1,\"name\":\"Home\",\"item\":\"https:\/\/seidler-europe.de\/de\/\"},{\"@type\":\"ListItem\",\"position\":2,\"name\":\"Impressum &#038; AGB\"}]},{\"@type\":\"WebSite\",\"@id\":\"https:\/\/seidler-europe.de\/#website\",\"url\":\"https:\/\/seidler-europe.de\/\",\"name\":\"Anne-Sophie Seidler\",\"description\":\"Translation, transcreation and proofreading services. English and German into French.\",\"publisher\":{\"@id\":\"https:\/\/seidler-europe.de\/#\/schema\/person\/f7a75920aa8929c2f92502bd0e4380c1\"},\"potentialAction\":[{\"@type\":\"SearchAction\",\"target\":{\"@type\":\"EntryPoint\",\"urlTemplate\":\"https:\/\/seidler-europe.de\/?s={search_term_string}\"},\"query-input\":\"required name=search_term_string\"}],\"inLanguage\":\"de\"},{\"@type\":[\"Person\",\"Organization\"],\"@id\":\"https:\/\/seidler-europe.de\/#\/schema\/person\/f7a75920aa8929c2f92502bd0e4380c1\",\"name\":\"seidler-admin\",\"image\":{\"@type\":\"ImageObject\",\"inLanguage\":\"de\",\"@id\":\"https:\/\/seidler-europe.de\/#\/schema\/person\/image\/\",\"url\":\"https:\/\/secure.gravatar.com\/avatar\/9dd84bc02e795e7a26472caf94bfd321?s=96&d=mm&r=g\",\"contentUrl\":\"https:\/\/secure.gravatar.com\/avatar\/9dd84bc02e795e7a26472caf94bfd321?s=96&d=mm&r=g\",\"caption\":\"seidler-admin\"},\"logo\":{\"@id\":\"https:\/\/seidler-europe.de\/#\/schema\/person\/image\/\"}}]}<\/script>\n<!-- \/ Yoast SEO plugin. -->","yoast_head_json":{"title":"\u00dcbersetzungen Deutsch-Franz\u00f6sisch - Transkreation","description":"Ich biete \u00dcbersetzungen Deutsch-Franz\u00f6sisch, Englisch-Franz\u00f6sisch an. Websites, Online-Shops, Marketing, Kreativwirtschaft, Tourismus, Multimedia.","robots":{"index":"index","follow":"follow","max-snippet":"max-snippet:-1","max-image-preview":"max-image-preview:large","max-video-preview":"max-video-preview:-1"},"canonical":"https:\/\/seidler-europe.de\/de\/general-terms-and-conditions\/","og_locale":"de_DE","og_type":"article","og_title":"\u00dcbersetzungen Deutsch-Franz\u00f6sisch - Transkreation","og_description":"Ich biete \u00dcbersetzungen Deutsch-Franz\u00f6sisch, Englisch-Franz\u00f6sisch an. Websites, Online-Shops, Marketing, Kreativwirtschaft, Tourismus, Multimedia.","og_url":"https:\/\/seidler-europe.de\/de\/general-terms-and-conditions\/","og_site_name":"Anne-Sophie Seidler","article_modified_time":"2023-01-21T19:08:38+00:00","twitter_card":"summary_large_image","twitter_misc":{"Gesch\u00e4tzte Lesezeit":"4\u00a0Minuten"},"schema":{"@context":"https:\/\/schema.org","@graph":[{"@type":"WebPage","@id":"https:\/\/seidler-europe.de\/de\/general-terms-and-conditions\/","url":"https:\/\/seidler-europe.de\/de\/general-terms-and-conditions\/","name":"\u00dcbersetzungen Deutsch-Franz\u00f6sisch - Transkreation","isPartOf":{"@id":"https:\/\/seidler-europe.de\/#website"},"datePublished":"2018-12-20T17:25:04+00:00","dateModified":"2023-01-21T19:08:38+00:00","description":"Ich biete \u00dcbersetzungen Deutsch-Franz\u00f6sisch, Englisch-Franz\u00f6sisch an. Websites, Online-Shops, Marketing, Kreativwirtschaft, Tourismus, Multimedia.","breadcrumb":{"@id":"https:\/\/seidler-europe.de\/de\/general-terms-and-conditions\/#breadcrumb"},"inLanguage":"de","potentialAction":[{"@type":"ReadAction","target":["https:\/\/seidler-europe.de\/de\/general-terms-and-conditions\/"]}]},{"@type":"BreadcrumbList","@id":"https:\/\/seidler-europe.de\/de\/general-terms-and-conditions\/#breadcrumb","itemListElement":[{"@type":"ListItem","position":1,"name":"Home","item":"https:\/\/seidler-europe.de\/de\/"},{"@type":"ListItem","position":2,"name":"Impressum &#038; AGB"}]},{"@type":"WebSite","@id":"https:\/\/seidler-europe.de\/#website","url":"https:\/\/seidler-europe.de\/","name":"Anne-Sophie Seidler","description":"Translation, transcreation and proofreading services. English and German into French.","publisher":{"@id":"https:\/\/seidler-europe.de\/#\/schema\/person\/f7a75920aa8929c2f92502bd0e4380c1"},"potentialAction":[{"@type":"SearchAction","target":{"@type":"EntryPoint","urlTemplate":"https:\/\/seidler-europe.de\/?s={search_term_string}"},"query-input":"required name=search_term_string"}],"inLanguage":"de"},{"@type":["Person","Organization"],"@id":"https:\/\/seidler-europe.de\/#\/schema\/person\/f7a75920aa8929c2f92502bd0e4380c1","name":"seidler-admin","image":{"@type":"ImageObject","inLanguage":"de","@id":"https:\/\/seidler-europe.de\/#\/schema\/person\/image\/","url":"https:\/\/secure.gravatar.com\/avatar\/9dd84bc02e795e7a26472caf94bfd321?s=96&d=mm&r=g","contentUrl":"https:\/\/secure.gravatar.com\/avatar\/9dd84bc02e795e7a26472caf94bfd321?s=96&d=mm&r=g","caption":"seidler-admin"},"logo":{"@id":"https:\/\/seidler-europe.de\/#\/schema\/person\/image\/"}}]}},"_links":{"self":[{"href":"https:\/\/seidler-europe.de\/de\/wp-json\/wp\/v2\/pages\/2925"}],"collection":[{"href":"https:\/\/seidler-europe.de\/de\/wp-json\/wp\/v2\/pages"}],"about":[{"href":"https:\/\/seidler-europe.de\/de\/wp-json\/wp\/v2\/types\/page"}],"author":[{"embeddable":true,"href":"https:\/\/seidler-europe.de\/de\/wp-json\/wp\/v2\/users\/1"}],"replies":[{"embeddable":true,"href":"https:\/\/seidler-europe.de\/de\/wp-json\/wp\/v2\/comments?post=2925"}],"version-history":[{"count":10,"href":"https:\/\/seidler-europe.de\/de\/wp-json\/wp\/v2\/pages\/2925\/revisions"}],"predecessor-version":[{"id":3717,"href":"https:\/\/seidler-europe.de\/de\/wp-json\/wp\/v2\/pages\/2925\/revisions\/3717"}],"wp:attachment":[{"href":"https:\/\/seidler-europe.de\/de\/wp-json\/wp\/v2\/media?parent=2925"}],"curies":[{"name":"wp","href":"https:\/\/api.w.org\/{rel}","templated":true}]}}